{"id":657,"date":"2024-04-09T19:46:39","date_gmt":"2024-04-09T17:46:39","guid":{"rendered":"https:\/\/astrale.ch\/?post_type=product&#038;p=657"},"modified":"2024-04-11T22:52:43","modified_gmt":"2024-04-11T20:52:43","slug":"ruban-washi-constellation-dore","status":"publish","type":"product","link":"https:\/\/astrale.ch\/index.php\/produit\/ruban-washi-constellation-dore\/","title":{"rendered":"Ruban washi Constellation dor\u00e9"},"content":{"rendered":"<p>Dimensions : 1,5 cm x 10 m<\/p>\n","protected":false},"excerpt":{"rendered":"<div id=\"product-description-long-2984\" class=\"col-sm-12 product-long-description\">\n<div class=\"woocommerce-product-details__short-description\">\n<div class=\"woocommerce-product-details__short-description\">\n<div>\n<p>Un d\u00e9licat ruban washi blanc avec les motifs des constellations dor\u00e9es. Une v\u00e9ritable po\u00e9sie !<\/p>\n<p>Apportez une touche de lumi\u00e8re facilement sur votre agenda, bullet jounal ou sur un cadeau.<\/p>\n<\/div>\n<\/div>\n<\/div>\n<\/div>\n","protected":false},"featured_media":652,"comment_status":"open","ping_status":"closed","template":"","meta":[],"product_cat":[34],"product_tag":[39,28,40,37],"class_list":{"0":"post-657","1":"product","2":"type-product","3":"status-publish","4":"has-post-thumbnail","6":"product_cat-stationery","7":"product_tag-bureau","8":"product_tag-etoile","9":"product_tag-papeterie","10":"product_tag-ruban-washi","12":"first","13":"instock","14":"taxable","15":"shipping-taxable","16":"purchasable","17":"product-type-simple"},"yoast_head":"<!-- This site is optimized with the Yoast SEO plugin v27.3 - https:\/\/yoast.com\/product\/yoast-seo-wordpress\/ -->\n<title>Ruban washi Constellation dor\u00e9 &#8211; Astrale<\/title>\n<meta name=\"robots\" content=\"index, follow, max-snippet:-1, max-image-preview:large, max-video-preview:-1\" \/>\n<link rel=\"canonical\" href=\"https:\/\/astrale.ch\/index.php\/produit\/ruban-washi-constellation-dore\/\" \/>\n<meta property=\"og:locale\" content=\"fr_FR\" \/>\n<meta property=\"og:type\" content=\"article\" \/>\n<meta property=\"og:title\" content=\"Ruban washi Constellation dor\u00e9 &#8211; Astrale\" \/>\n<meta property=\"og:description\" content=\"Un d\u00e9licat ruban washi blanc avec les motifs des constellations dor\u00e9es. Une v\u00e9ritable po\u00e9sie !  Apportez une touche de lumi\u00e8re facilement sur votre agenda, bullet jounal ou sur un cadeau.\" \/>\n<meta property=\"og:url\" content=\"https:\/\/astrale.ch\/index.php\/produit\/ruban-washi-constellation-dore\/\" \/>\n<meta property=\"og:site_name\" content=\"Astrale\" \/>\n<meta property=\"article:modified_time\" content=\"2024-04-11T20:52:43+00:00\" \/>\n<meta property=\"og:image\" content=\"https:\/\/astrale.ch\/wp-content\/uploads\/2024\/04\/il_794xN.3991399492_stzx-3711410280.jpg\" \/>\n\t<meta property=\"og:image:width\" content=\"794\" \/>\n\t<meta property=\"og:image:height\" content=\"596\" \/>\n\t<meta property=\"og:image:type\" content=\"image\/jpeg\" \/>\n<meta name=\"twitter:card\" content=\"summary_large_image\" \/>\n<meta name=\"twitter:label1\" content=\"Dur\u00e9e de lecture estim\u00e9e\" \/>\n\t<meta name=\"twitter:data1\" content=\"1 minute\" \/>\n<script type=\"application\/ld+json\" class=\"yoast-schema-graph\">{\"@context\":\"https:\\\/\\\/schema.org\",\"@graph\":[{\"@type\":\"WebPage\",\"@id\":\"https:\\\/\\\/astrale.ch\\\/index.php\\\/produit\\\/ruban-washi-constellation-dore\\\/\",\"url\":\"https:\\\/\\\/astrale.ch\\\/index.php\\\/produit\\\/ruban-washi-constellation-dore\\\/\",\"name\":\"Ruban washi Constellation dor\u00e9 &#8211; Astrale\",\"isPartOf\":{\"@id\":\"https:\\\/\\\/astrale.ch\\\/#website\"},\"primaryImageOfPage\":{\"@id\":\"https:\\\/\\\/astrale.ch\\\/index.php\\\/produit\\\/ruban-washi-constellation-dore\\\/#primaryimage\"},\"image\":{\"@id\":\"https:\\\/\\\/astrale.ch\\\/index.php\\\/produit\\\/ruban-washi-constellation-dore\\\/#primaryimage\"},\"thumbnailUrl\":\"https:\\\/\\\/astrale.ch\\\/wp-content\\\/uploads\\\/2024\\\/04\\\/il_794xN.3991399492_stzx-3711410280.jpg\",\"datePublished\":\"2024-04-09T17:46:39+00:00\",\"dateModified\":\"2024-04-11T20:52:43+00:00\",\"breadcrumb\":{\"@id\":\"https:\\\/\\\/astrale.ch\\\/index.php\\\/produit\\\/ruban-washi-constellation-dore\\\/#breadcrumb\"},\"inLanguage\":\"fr-FR\",\"potentialAction\":[{\"@type\":\"ReadAction\",\"target\":[\"https:\\\/\\\/astrale.ch\\\/index.php\\\/produit\\\/ruban-washi-constellation-dore\\\/\"]}]},{\"@type\":\"ImageObject\",\"inLanguage\":\"fr-FR\",\"@id\":\"https:\\\/\\\/astrale.ch\\\/index.php\\\/produit\\\/ruban-washi-constellation-dore\\\/#primaryimage\",\"url\":\"https:\\\/\\\/astrale.ch\\\/wp-content\\\/uploads\\\/2024\\\/04\\\/il_794xN.3991399492_stzx-3711410280.jpg\",\"contentUrl\":\"https:\\\/\\\/astrale.ch\\\/wp-content\\\/uploads\\\/2024\\\/04\\\/il_794xN.3991399492_stzx-3711410280.jpg\",\"width\":794,\"height\":596},{\"@type\":\"BreadcrumbList\",\"@id\":\"https:\\\/\\\/astrale.ch\\\/index.php\\\/produit\\\/ruban-washi-constellation-dore\\\/#breadcrumb\",\"itemListElement\":[{\"@type\":\"ListItem\",\"position\":1,\"name\":\"Home\",\"item\":\"https:\\\/\\\/astrale.ch\\\/\"},{\"@type\":\"ListItem\",\"position\":2,\"name\":\"Boutique\",\"item\":\"https:\\\/\\\/astrale.ch\\\/index.php\\\/boutique\\\/\"},{\"@type\":\"ListItem\",\"position\":3,\"name\":\"Ruban washi Constellation dor\u00e9\"}]},{\"@type\":\"WebSite\",\"@id\":\"https:\\\/\\\/astrale.ch\\\/#website\",\"url\":\"https:\\\/\\\/astrale.ch\\\/\",\"name\":\"Astrale - Meet your stars\",\"description\":\"Meet your stars\",\"publisher\":{\"@id\":\"https:\\\/\\\/astrale.ch\\\/#organization\"},\"potentialAction\":[{\"@type\":\"SearchAction\",\"target\":{\"@type\":\"EntryPoint\",\"urlTemplate\":\"https:\\\/\\\/astrale.ch\\\/?s={search_term_string}\"},\"query-input\":{\"@type\":\"PropertyValueSpecification\",\"valueRequired\":true,\"valueName\":\"search_term_string\"}}],\"inLanguage\":\"fr-FR\"},{\"@type\":\"Organization\",\"@id\":\"https:\\\/\\\/astrale.ch\\\/#organization\",\"name\":\"Astrale.ch\",\"url\":\"https:\\\/\\\/astrale.ch\\\/\",\"logo\":{\"@type\":\"ImageObject\",\"inLanguage\":\"fr-FR\",\"@id\":\"https:\\\/\\\/astrale.ch\\\/#\\\/schema\\\/logo\\\/image\\\/\",\"url\":\"https:\\\/\\\/astrale.ch\\\/wp-content\\\/uploads\\\/2021\\\/06\\\/logo_astrale_complet.png\",\"contentUrl\":\"https:\\\/\\\/astrale.ch\\\/wp-content\\\/uploads\\\/2021\\\/06\\\/logo_astrale_complet.png\",\"width\":221,\"height\":342,\"caption\":\"Astrale.ch\"},\"image\":{\"@id\":\"https:\\\/\\\/astrale.ch\\\/#\\\/schema\\\/logo\\\/image\\\/\"}}]}<\/script>\n<!-- \/ Yoast SEO plugin. -->","yoast_head_json":{"title":"Ruban washi Constellation dor\u00e9 &#8211; Astrale","robots":{"index":"index","follow":"follow","max-snippet":"max-snippet:-1","max-image-preview":"max-image-preview:large","max-video-preview":"max-video-preview:-1"},"canonical":"https:\/\/astrale.ch\/index.php\/produit\/ruban-washi-constellation-dore\/","og_locale":"fr_FR","og_type":"article","og_title":"Ruban washi Constellation dor\u00e9 &#8211; Astrale","og_description":"Un d\u00e9licat ruban washi blanc avec les motifs des constellations dor\u00e9es. Une v\u00e9ritable po\u00e9sie !  Apportez une touche de lumi\u00e8re facilement sur votre agenda, bullet jounal ou sur un cadeau.","og_url":"https:\/\/astrale.ch\/index.php\/produit\/ruban-washi-constellation-dore\/","og_site_name":"Astrale","article_modified_time":"2024-04-11T20:52:43+00:00","og_image":[{"width":794,"height":596,"url":"https:\/\/astrale.ch\/wp-content\/uploads\/2024\/04\/il_794xN.3991399492_stzx-3711410280.jpg","type":"image\/jpeg"}],"twitter_card":"summary_large_image","twitter_misc":{"Dur\u00e9e de lecture estim\u00e9e":"1 minute"},"schema":{"@context":"https:\/\/schema.org","@graph":[{"@type":"WebPage","@id":"https:\/\/astrale.ch\/index.php\/produit\/ruban-washi-constellation-dore\/","url":"https:\/\/astrale.ch\/index.php\/produit\/ruban-washi-constellation-dore\/","name":"Ruban washi Constellation dor\u00e9 &#8211; Astrale","isPartOf":{"@id":"https:\/\/astrale.ch\/#website"},"primaryImageOfPage":{"@id":"https:\/\/astrale.ch\/index.php\/produit\/ruban-washi-constellation-dore\/#primaryimage"},"image":{"@id":"https:\/\/astrale.ch\/index.php\/produit\/ruban-washi-constellation-dore\/#primaryimage"},"thumbnailUrl":"https:\/\/astrale.ch\/wp-content\/uploads\/2024\/04\/il_794xN.3991399492_stzx-3711410280.jpg","datePublished":"2024-04-09T17:46:39+00:00","dateModified":"2024-04-11T20:52:43+00:00","breadcrumb":{"@id":"https:\/\/astrale.ch\/index.php\/produit\/ruban-washi-constellation-dore\/#breadcrumb"},"inLanguage":"fr-FR","potentialAction":[{"@type":"ReadAction","target":["https:\/\/astrale.ch\/index.php\/produit\/ruban-washi-constellation-dore\/"]}]},{"@type":"ImageObject","inLanguage":"fr-FR","@id":"https:\/\/astrale.ch\/index.php\/produit\/ruban-washi-constellation-dore\/#primaryimage","url":"https:\/\/astrale.ch\/wp-content\/uploads\/2024\/04\/il_794xN.3991399492_stzx-3711410280.jpg","contentUrl":"https:\/\/astrale.ch\/wp-content\/uploads\/2024\/04\/il_794xN.3991399492_stzx-3711410280.jpg","width":794,"height":596},{"@type":"BreadcrumbList","@id":"https:\/\/astrale.ch\/index.php\/produit\/ruban-washi-constellation-dore\/#breadcrumb","itemListElement":[{"@type":"ListItem","position":1,"name":"Home","item":"https:\/\/astrale.ch\/"},{"@type":"ListItem","position":2,"name":"Boutique","item":"https:\/\/astrale.ch\/index.php\/boutique\/"},{"@type":"ListItem","position":3,"name":"Ruban washi Constellation dor\u00e9"}]},{"@type":"WebSite","@id":"https:\/\/astrale.ch\/#website","url":"https:\/\/astrale.ch\/","name":"Astrale - Meet your stars","description":"Meet your stars","publisher":{"@id":"https:\/\/astrale.ch\/#organization"},"potentialAction":[{"@type":"SearchAction","target":{"@type":"EntryPoint","urlTemplate":"https:\/\/astrale.ch\/?s={search_term_string}"},"query-input":{"@type":"PropertyValueSpecification","valueRequired":true,"valueName":"search_term_string"}}],"inLanguage":"fr-FR"},{"@type":"Organization","@id":"https:\/\/astrale.ch\/#organization","name":"Astrale.ch","url":"https:\/\/astrale.ch\/","logo":{"@type":"ImageObject","inLanguage":"fr-FR","@id":"https:\/\/astrale.ch\/#\/schema\/logo\/image\/","url":"https:\/\/astrale.ch\/wp-content\/uploads\/2021\/06\/logo_astrale_complet.png","contentUrl":"https:\/\/astrale.ch\/wp-content\/uploads\/2021\/06\/logo_astrale_complet.png","width":221,"height":342,"caption":"Astrale.ch"},"image":{"@id":"https:\/\/astrale.ch\/#\/schema\/logo\/image\/"}}]}},"_links":{"self":[{"href":"https:\/\/astrale.ch\/index.php\/wp-json\/wp\/v2\/product\/657","targetHints":{"allow":["GET"]}}],"collection":[{"href":"https:\/\/astrale.ch\/index.php\/wp-json\/wp\/v2\/product"}],"about":[{"href":"https:\/\/astrale.ch\/index.php\/wp-json\/wp\/v2\/types\/product"}],"replies":[{"embeddable":true,"href":"https:\/\/astrale.ch\/index.php\/wp-json\/wp\/v2\/comments?post=657"}],"wp:featuredmedia":[{"embeddable":true,"href":"https:\/\/astrale.ch\/index.php\/wp-json\/wp\/v2\/media\/652"}],"wp:attachment":[{"href":"https:\/\/astrale.ch\/index.php\/wp-json\/wp\/v2\/media?parent=657"}],"wp:term":[{"taxonomy":"product_cat","embeddable":true,"href":"https:\/\/astrale.ch\/index.php\/wp-json\/wp\/v2\/product_cat?post=657"},{"taxonomy":"product_tag","embeddable":true,"href":"https:\/\/astrale.ch\/index.php\/wp-json\/wp\/v2\/product_tag?post=657"}],"curies":[{"name":"wp","href":"https:\/\/api.w.org\/{rel}","templated":true}]}}