{"id":625,"date":"2024-04-09T16:49:17","date_gmt":"2024-04-09T14:49:17","guid":{"rendered":"https:\/\/astrale.ch\/?post_type=product&#038;p=625"},"modified":"2024-04-11T22:53:11","modified_gmt":"2024-04-11T20:53:11","slug":"cahier-nuages-bleus","status":"publish","type":"product","link":"https:\/\/astrale.ch\/index.php\/produit\/cahier-nuages-bleus\/","title":{"rendered":"Cahier Nuages Bleus"},"content":{"rendered":"<p>Dimensions : 20 x 13.5 x 1.6m<br \/>\n178 pages<br \/>\n<span class=\"Y2IQFc\" lang=\"fr\">Papier opaque 120 g<\/span><\/p>\n","protected":false},"excerpt":{"rendered":"<div id=\"product-description-long-2984\" class=\"col-sm-12 product-long-description\">\n<div>La t\u00eate dans les nuages, et le stylo aussi avec ce superbe cahier !<\/div>\n<div>Laissez-vous porter et r\u00eavez avec des nuages diff\u00e9rents sur chaque page.<\/div>\n<div>\u00c9crivez ou dessinez, place \u00e0 l&rsquo;inspiration.<\/div>\n<\/div>\n","protected":false},"featured_media":631,"comment_status":"open","ping_status":"closed","template":"","meta":[],"product_cat":[34],"product_tag":[39,38,50,40],"class_list":{"0":"post-625","1":"product","2":"type-product","3":"status-publish","4":"has-post-thumbnail","6":"product_cat-stationery","7":"product_tag-bureau","8":"product_tag-cahier","9":"product_tag-nuage","10":"product_tag-papeterie","12":"first","13":"instock","14":"taxable","15":"shipping-taxable","16":"purchasable","17":"product-type-simple"},"yoast_head":"<!-- This site is optimized with the Yoast SEO plugin v27.3 - https:\/\/yoast.com\/product\/yoast-seo-wordpress\/ -->\n<title>Cahier Nuages Bleus &#8211; Astrale<\/title>\n<meta name=\"robots\" content=\"index, follow, max-snippet:-1, max-image-preview:large, max-video-preview:-1\" \/>\n<link rel=\"canonical\" href=\"https:\/\/astrale.ch\/index.php\/produit\/cahier-nuages-bleus\/\" \/>\n<meta property=\"og:locale\" content=\"fr_FR\" \/>\n<meta property=\"og:type\" content=\"article\" \/>\n<meta property=\"og:title\" content=\"Cahier Nuages Bleus &#8211; Astrale\" \/>\n<meta property=\"og:description\" content=\"La t\u00eate dans les nuages, et le stylo aussi avec ce superbe cahier ! Laissez-vous porter et r\u00eavez avec des nuages diff\u00e9rents sur chaque page. \u00c9crivez ou dessinez, place \u00e0 l&#039;inspiration.\" \/>\n<meta property=\"og:url\" content=\"https:\/\/astrale.ch\/index.php\/produit\/cahier-nuages-bleus\/\" \/>\n<meta property=\"og:site_name\" content=\"Astrale\" \/>\n<meta property=\"article:modified_time\" content=\"2024-04-11T20:53:11+00:00\" \/>\n<meta property=\"og:image\" content=\"https:\/\/astrale.ch\/wp-content\/uploads\/2024\/04\/3fb8d347-91c6-4c0d-9c48-713f74029a22.jpg\" \/>\n\t<meta property=\"og:image:width\" content=\"648\" \/>\n\t<meta property=\"og:image:height\" content=\"486\" \/>\n\t<meta property=\"og:image:type\" content=\"image\/jpeg\" \/>\n<meta name=\"twitter:card\" content=\"summary_large_image\" \/>\n<meta name=\"twitter:label1\" content=\"Dur\u00e9e de lecture estim\u00e9e\" \/>\n\t<meta name=\"twitter:data1\" content=\"1 minute\" \/>\n<script type=\"application\/ld+json\" class=\"yoast-schema-graph\">{\"@context\":\"https:\\\/\\\/schema.org\",\"@graph\":[{\"@type\":\"WebPage\",\"@id\":\"https:\\\/\\\/astrale.ch\\\/index.php\\\/produit\\\/cahier-nuages-bleus\\\/\",\"url\":\"https:\\\/\\\/astrale.ch\\\/index.php\\\/produit\\\/cahier-nuages-bleus\\\/\",\"name\":\"Cahier Nuages Bleus &#8211; Astrale\",\"isPartOf\":{\"@id\":\"https:\\\/\\\/astrale.ch\\\/#website\"},\"primaryImageOfPage\":{\"@id\":\"https:\\\/\\\/astrale.ch\\\/index.php\\\/produit\\\/cahier-nuages-bleus\\\/#primaryimage\"},\"image\":{\"@id\":\"https:\\\/\\\/astrale.ch\\\/index.php\\\/produit\\\/cahier-nuages-bleus\\\/#primaryimage\"},\"thumbnailUrl\":\"https:\\\/\\\/astrale.ch\\\/wp-content\\\/uploads\\\/2024\\\/04\\\/3fb8d347-91c6-4c0d-9c48-713f74029a22.jpg\",\"datePublished\":\"2024-04-09T14:49:17+00:00\",\"dateModified\":\"2024-04-11T20:53:11+00:00\",\"breadcrumb\":{\"@id\":\"https:\\\/\\\/astrale.ch\\\/index.php\\\/produit\\\/cahier-nuages-bleus\\\/#breadcrumb\"},\"inLanguage\":\"fr-FR\",\"potentialAction\":[{\"@type\":\"ReadAction\",\"target\":[\"https:\\\/\\\/astrale.ch\\\/index.php\\\/produit\\\/cahier-nuages-bleus\\\/\"]}]},{\"@type\":\"ImageObject\",\"inLanguage\":\"fr-FR\",\"@id\":\"https:\\\/\\\/astrale.ch\\\/index.php\\\/produit\\\/cahier-nuages-bleus\\\/#primaryimage\",\"url\":\"https:\\\/\\\/astrale.ch\\\/wp-content\\\/uploads\\\/2024\\\/04\\\/3fb8d347-91c6-4c0d-9c48-713f74029a22.jpg\",\"contentUrl\":\"https:\\\/\\\/astrale.ch\\\/wp-content\\\/uploads\\\/2024\\\/04\\\/3fb8d347-91c6-4c0d-9c48-713f74029a22.jpg\",\"width\":648,\"height\":486},{\"@type\":\"BreadcrumbList\",\"@id\":\"https:\\\/\\\/astrale.ch\\\/index.php\\\/produit\\\/cahier-nuages-bleus\\\/#breadcrumb\",\"itemListElement\":[{\"@type\":\"ListItem\",\"position\":1,\"name\":\"Home\",\"item\":\"https:\\\/\\\/astrale.ch\\\/\"},{\"@type\":\"ListItem\",\"position\":2,\"name\":\"Boutique\",\"item\":\"https:\\\/\\\/astrale.ch\\\/index.php\\\/boutique\\\/\"},{\"@type\":\"ListItem\",\"position\":3,\"name\":\"Cahier Nuages Bleus\"}]},{\"@type\":\"WebSite\",\"@id\":\"https:\\\/\\\/astrale.ch\\\/#website\",\"url\":\"https:\\\/\\\/astrale.ch\\\/\",\"name\":\"Astrale - Meet your stars\",\"description\":\"Meet your stars\",\"publisher\":{\"@id\":\"https:\\\/\\\/astrale.ch\\\/#organization\"},\"potentialAction\":[{\"@type\":\"SearchAction\",\"target\":{\"@type\":\"EntryPoint\",\"urlTemplate\":\"https:\\\/\\\/astrale.ch\\\/?s={search_term_string}\"},\"query-input\":{\"@type\":\"PropertyValueSpecification\",\"valueRequired\":true,\"valueName\":\"search_term_string\"}}],\"inLanguage\":\"fr-FR\"},{\"@type\":\"Organization\",\"@id\":\"https:\\\/\\\/astrale.ch\\\/#organization\",\"name\":\"Astrale.ch\",\"url\":\"https:\\\/\\\/astrale.ch\\\/\",\"logo\":{\"@type\":\"ImageObject\",\"inLanguage\":\"fr-FR\",\"@id\":\"https:\\\/\\\/astrale.ch\\\/#\\\/schema\\\/logo\\\/image\\\/\",\"url\":\"https:\\\/\\\/astrale.ch\\\/wp-content\\\/uploads\\\/2021\\\/06\\\/logo_astrale_complet.png\",\"contentUrl\":\"https:\\\/\\\/astrale.ch\\\/wp-content\\\/uploads\\\/2021\\\/06\\\/logo_astrale_complet.png\",\"width\":221,\"height\":342,\"caption\":\"Astrale.ch\"},\"image\":{\"@id\":\"https:\\\/\\\/astrale.ch\\\/#\\\/schema\\\/logo\\\/image\\\/\"}}]}<\/script>\n<!-- \/ Yoast SEO plugin. -->","yoast_head_json":{"title":"Cahier Nuages Bleus &#8211; Astrale","robots":{"index":"index","follow":"follow","max-snippet":"max-snippet:-1","max-image-preview":"max-image-preview:large","max-video-preview":"max-video-preview:-1"},"canonical":"https:\/\/astrale.ch\/index.php\/produit\/cahier-nuages-bleus\/","og_locale":"fr_FR","og_type":"article","og_title":"Cahier Nuages Bleus &#8211; Astrale","og_description":"La t\u00eate dans les nuages, et le stylo aussi avec ce superbe cahier ! Laissez-vous porter et r\u00eavez avec des nuages diff\u00e9rents sur chaque page. \u00c9crivez ou dessinez, place \u00e0 l'inspiration.","og_url":"https:\/\/astrale.ch\/index.php\/produit\/cahier-nuages-bleus\/","og_site_name":"Astrale","article_modified_time":"2024-04-11T20:53:11+00:00","og_image":[{"width":648,"height":486,"url":"https:\/\/astrale.ch\/wp-content\/uploads\/2024\/04\/3fb8d347-91c6-4c0d-9c48-713f74029a22.jpg","type":"image\/jpeg"}],"twitter_card":"summary_large_image","twitter_misc":{"Dur\u00e9e de lecture estim\u00e9e":"1 minute"},"schema":{"@context":"https:\/\/schema.org","@graph":[{"@type":"WebPage","@id":"https:\/\/astrale.ch\/index.php\/produit\/cahier-nuages-bleus\/","url":"https:\/\/astrale.ch\/index.php\/produit\/cahier-nuages-bleus\/","name":"Cahier Nuages Bleus &#8211; Astrale","isPartOf":{"@id":"https:\/\/astrale.ch\/#website"},"primaryImageOfPage":{"@id":"https:\/\/astrale.ch\/index.php\/produit\/cahier-nuages-bleus\/#primaryimage"},"image":{"@id":"https:\/\/astrale.ch\/index.php\/produit\/cahier-nuages-bleus\/#primaryimage"},"thumbnailUrl":"https:\/\/astrale.ch\/wp-content\/uploads\/2024\/04\/3fb8d347-91c6-4c0d-9c48-713f74029a22.jpg","datePublished":"2024-04-09T14:49:17+00:00","dateModified":"2024-04-11T20:53:11+00:00","breadcrumb":{"@id":"https:\/\/astrale.ch\/index.php\/produit\/cahier-nuages-bleus\/#breadcrumb"},"inLanguage":"fr-FR","potentialAction":[{"@type":"ReadAction","target":["https:\/\/astrale.ch\/index.php\/produit\/cahier-nuages-bleus\/"]}]},{"@type":"ImageObject","inLanguage":"fr-FR","@id":"https:\/\/astrale.ch\/index.php\/produit\/cahier-nuages-bleus\/#primaryimage","url":"https:\/\/astrale.ch\/wp-content\/uploads\/2024\/04\/3fb8d347-91c6-4c0d-9c48-713f74029a22.jpg","contentUrl":"https:\/\/astrale.ch\/wp-content\/uploads\/2024\/04\/3fb8d347-91c6-4c0d-9c48-713f74029a22.jpg","width":648,"height":486},{"@type":"BreadcrumbList","@id":"https:\/\/astrale.ch\/index.php\/produit\/cahier-nuages-bleus\/#breadcrumb","itemListElement":[{"@type":"ListItem","position":1,"name":"Home","item":"https:\/\/astrale.ch\/"},{"@type":"ListItem","position":2,"name":"Boutique","item":"https:\/\/astrale.ch\/index.php\/boutique\/"},{"@type":"ListItem","position":3,"name":"Cahier Nuages Bleus"}]},{"@type":"WebSite","@id":"https:\/\/astrale.ch\/#website","url":"https:\/\/astrale.ch\/","name":"Astrale - Meet your stars","description":"Meet your stars","publisher":{"@id":"https:\/\/astrale.ch\/#organization"},"potentialAction":[{"@type":"SearchAction","target":{"@type":"EntryPoint","urlTemplate":"https:\/\/astrale.ch\/?s={search_term_string}"},"query-input":{"@type":"PropertyValueSpecification","valueRequired":true,"valueName":"search_term_string"}}],"inLanguage":"fr-FR"},{"@type":"Organization","@id":"https:\/\/astrale.ch\/#organization","name":"Astrale.ch","url":"https:\/\/astrale.ch\/","logo":{"@type":"ImageObject","inLanguage":"fr-FR","@id":"https:\/\/astrale.ch\/#\/schema\/logo\/image\/","url":"https:\/\/astrale.ch\/wp-content\/uploads\/2021\/06\/logo_astrale_complet.png","contentUrl":"https:\/\/astrale.ch\/wp-content\/uploads\/2021\/06\/logo_astrale_complet.png","width":221,"height":342,"caption":"Astrale.ch"},"image":{"@id":"https:\/\/astrale.ch\/#\/schema\/logo\/image\/"}}]}},"_links":{"self":[{"href":"https:\/\/astrale.ch\/index.php\/wp-json\/wp\/v2\/product\/625","targetHints":{"allow":["GET"]}}],"collection":[{"href":"https:\/\/astrale.ch\/index.php\/wp-json\/wp\/v2\/product"}],"about":[{"href":"https:\/\/astrale.ch\/index.php\/wp-json\/wp\/v2\/types\/product"}],"replies":[{"embeddable":true,"href":"https:\/\/astrale.ch\/index.php\/wp-json\/wp\/v2\/comments?post=625"}],"wp:featuredmedia":[{"embeddable":true,"href":"https:\/\/astrale.ch\/index.php\/wp-json\/wp\/v2\/media\/631"}],"wp:attachment":[{"href":"https:\/\/astrale.ch\/index.php\/wp-json\/wp\/v2\/media?parent=625"}],"wp:term":[{"taxonomy":"product_cat","embeddable":true,"href":"https:\/\/astrale.ch\/index.php\/wp-json\/wp\/v2\/product_cat?post=625"},{"taxonomy":"product_tag","embeddable":true,"href":"https:\/\/astrale.ch\/index.php\/wp-json\/wp\/v2\/product_tag?post=625"}],"curies":[{"name":"wp","href":"https:\/\/api.w.org\/{rel}","templated":true}]}}