{"id":617,"date":"2024-04-09T16:24:39","date_gmt":"2024-04-09T14:24:39","guid":{"rendered":"https:\/\/astrale.ch\/?post_type=product&#038;p=617"},"modified":"2024-04-11T22:53:26","modified_gmt":"2024-04-11T20:53:26","slug":"carte-danniversaire-fete-du-zodiaque","status":"publish","type":"product","link":"https:\/\/astrale.ch\/index.php\/produit\/carte-danniversaire-fete-du-zodiaque\/","title":{"rendered":"Carte d&rsquo;anniversaire F\u00eate du zodiaque"},"content":{"rendered":"<p>Dimensions : 11 cm x 14 cm<\/p>\n","protected":false},"excerpt":{"rendered":"<div id=\"product-description-long-2984\" class=\"col-sm-12 product-long-description\">\n<div class=\"woocommerce-product-details__short-description\">\n<p class=\"product_title entry-title\">Toutes les constellations du zodiaque sont invit\u00e9es \u00e0 cette f\u00eate d&rsquo;anniversaire. La dorure \u00e0 chaud fait de cette carte une merveille de po\u00e9sie et de d\u00e9licatesse.<\/p>\n<p>L&rsquo;int\u00e9rieur est vierge pour vous laisser libre de votre message.<\/p>\n<p>Et l&rsquo;enveloppe dor\u00e9e est parfaitement en harmonie.<\/p>\n<p><span class=\"Y2IQFc\" lang=\"fr\">\u00a0<\/span><\/p>\n<\/div>\n<\/div>\n","protected":false},"featured_media":618,"comment_status":"open","ping_status":"closed","template":"","meta":[],"product_cat":[34],"product_tag":[39,41,40],"class_list":{"0":"post-617","1":"product","2":"type-product","3":"status-publish","4":"has-post-thumbnail","6":"product_cat-stationery","7":"product_tag-bureau","8":"product_tag-carte","9":"product_tag-papeterie","11":"first","12":"instock","13":"taxable","14":"shipping-taxable","15":"purchasable","16":"product-type-simple"},"yoast_head":"<!-- This site is optimized with the Yoast SEO plugin v27.3 - https:\/\/yoast.com\/product\/yoast-seo-wordpress\/ -->\n<title>Carte d&#039;anniversaire F\u00eate du zodiaque &#8211; Astrale<\/title>\n<meta name=\"robots\" content=\"index, follow, max-snippet:-1, max-image-preview:large, max-video-preview:-1\" \/>\n<link rel=\"canonical\" href=\"https:\/\/astrale.ch\/index.php\/produit\/carte-danniversaire-fete-du-zodiaque\/\" \/>\n<meta property=\"og:locale\" content=\"fr_FR\" \/>\n<meta property=\"og:type\" content=\"article\" \/>\n<meta property=\"og:title\" content=\"Carte d&#039;anniversaire F\u00eate du zodiaque &#8211; Astrale\" \/>\n<meta property=\"og:description\" content=\"Toutes les constellations du zodiaque sont invit\u00e9es \u00e0 cette f\u00eate d&#039;anniversaire. La dorure \u00e0 chaud fait de cette carte une merveille de po\u00e9sie et de d\u00e9licatesse. L&#039;int\u00e9rieur est vierge pour vous laisser libre de votre message.  Et l&#039;enveloppe dor\u00e9e est parfaitement en harmonie.  \u00a0\" \/>\n<meta property=\"og:url\" content=\"https:\/\/astrale.ch\/index.php\/produit\/carte-danniversaire-fete-du-zodiaque\/\" \/>\n<meta property=\"og:site_name\" content=\"Astrale\" \/>\n<meta property=\"article:modified_time\" content=\"2024-04-11T20:53:26+00:00\" \/>\n<meta property=\"og:image\" content=\"https:\/\/astrale.ch\/wp-content\/uploads\/2024\/04\/Carte-Anniversaire-joojoo-zodiak-party.jpg\" \/>\n\t<meta property=\"og:image:width\" content=\"1000\" \/>\n\t<meta property=\"og:image:height\" content=\"1000\" \/>\n\t<meta property=\"og:image:type\" content=\"image\/jpeg\" \/>\n<meta name=\"twitter:card\" content=\"summary_large_image\" \/>\n<meta name=\"twitter:label1\" content=\"Dur\u00e9e de lecture estim\u00e9e\" \/>\n\t<meta name=\"twitter:data1\" content=\"1 minute\" \/>\n<script type=\"application\/ld+json\" class=\"yoast-schema-graph\">{\"@context\":\"https:\\\/\\\/schema.org\",\"@graph\":[{\"@type\":\"WebPage\",\"@id\":\"https:\\\/\\\/astrale.ch\\\/index.php\\\/produit\\\/carte-danniversaire-fete-du-zodiaque\\\/\",\"url\":\"https:\\\/\\\/astrale.ch\\\/index.php\\\/produit\\\/carte-danniversaire-fete-du-zodiaque\\\/\",\"name\":\"Carte d'anniversaire F\u00eate du zodiaque &#8211; Astrale\",\"isPartOf\":{\"@id\":\"https:\\\/\\\/astrale.ch\\\/#website\"},\"primaryImageOfPage\":{\"@id\":\"https:\\\/\\\/astrale.ch\\\/index.php\\\/produit\\\/carte-danniversaire-fete-du-zodiaque\\\/#primaryimage\"},\"image\":{\"@id\":\"https:\\\/\\\/astrale.ch\\\/index.php\\\/produit\\\/carte-danniversaire-fete-du-zodiaque\\\/#primaryimage\"},\"thumbnailUrl\":\"https:\\\/\\\/astrale.ch\\\/wp-content\\\/uploads\\\/2024\\\/04\\\/Carte-Anniversaire-joojoo-zodiak-party.jpg\",\"datePublished\":\"2024-04-09T14:24:39+00:00\",\"dateModified\":\"2024-04-11T20:53:26+00:00\",\"breadcrumb\":{\"@id\":\"https:\\\/\\\/astrale.ch\\\/index.php\\\/produit\\\/carte-danniversaire-fete-du-zodiaque\\\/#breadcrumb\"},\"inLanguage\":\"fr-FR\",\"potentialAction\":[{\"@type\":\"ReadAction\",\"target\":[\"https:\\\/\\\/astrale.ch\\\/index.php\\\/produit\\\/carte-danniversaire-fete-du-zodiaque\\\/\"]}]},{\"@type\":\"ImageObject\",\"inLanguage\":\"fr-FR\",\"@id\":\"https:\\\/\\\/astrale.ch\\\/index.php\\\/produit\\\/carte-danniversaire-fete-du-zodiaque\\\/#primaryimage\",\"url\":\"https:\\\/\\\/astrale.ch\\\/wp-content\\\/uploads\\\/2024\\\/04\\\/Carte-Anniversaire-joojoo-zodiak-party.jpg\",\"contentUrl\":\"https:\\\/\\\/astrale.ch\\\/wp-content\\\/uploads\\\/2024\\\/04\\\/Carte-Anniversaire-joojoo-zodiak-party.jpg\",\"width\":1000,\"height\":1000},{\"@type\":\"BreadcrumbList\",\"@id\":\"https:\\\/\\\/astrale.ch\\\/index.php\\\/produit\\\/carte-danniversaire-fete-du-zodiaque\\\/#breadcrumb\",\"itemListElement\":[{\"@type\":\"ListItem\",\"position\":1,\"name\":\"Home\",\"item\":\"https:\\\/\\\/astrale.ch\\\/\"},{\"@type\":\"ListItem\",\"position\":2,\"name\":\"Boutique\",\"item\":\"https:\\\/\\\/astrale.ch\\\/index.php\\\/boutique\\\/\"},{\"@type\":\"ListItem\",\"position\":3,\"name\":\"Carte d&#8217;anniversaire F\u00eate du zodiaque\"}]},{\"@type\":\"WebSite\",\"@id\":\"https:\\\/\\\/astrale.ch\\\/#website\",\"url\":\"https:\\\/\\\/astrale.ch\\\/\",\"name\":\"Astrale - Meet your stars\",\"description\":\"Meet your stars\",\"publisher\":{\"@id\":\"https:\\\/\\\/astrale.ch\\\/#organization\"},\"potentialAction\":[{\"@type\":\"SearchAction\",\"target\":{\"@type\":\"EntryPoint\",\"urlTemplate\":\"https:\\\/\\\/astrale.ch\\\/?s={search_term_string}\"},\"query-input\":{\"@type\":\"PropertyValueSpecification\",\"valueRequired\":true,\"valueName\":\"search_term_string\"}}],\"inLanguage\":\"fr-FR\"},{\"@type\":\"Organization\",\"@id\":\"https:\\\/\\\/astrale.ch\\\/#organization\",\"name\":\"Astrale.ch\",\"url\":\"https:\\\/\\\/astrale.ch\\\/\",\"logo\":{\"@type\":\"ImageObject\",\"inLanguage\":\"fr-FR\",\"@id\":\"https:\\\/\\\/astrale.ch\\\/#\\\/schema\\\/logo\\\/image\\\/\",\"url\":\"https:\\\/\\\/astrale.ch\\\/wp-content\\\/uploads\\\/2021\\\/06\\\/logo_astrale_complet.png\",\"contentUrl\":\"https:\\\/\\\/astrale.ch\\\/wp-content\\\/uploads\\\/2021\\\/06\\\/logo_astrale_complet.png\",\"width\":221,\"height\":342,\"caption\":\"Astrale.ch\"},\"image\":{\"@id\":\"https:\\\/\\\/astrale.ch\\\/#\\\/schema\\\/logo\\\/image\\\/\"}}]}<\/script>\n<!-- \/ Yoast SEO plugin. -->","yoast_head_json":{"title":"Carte d'anniversaire F\u00eate du zodiaque &#8211; Astrale","robots":{"index":"index","follow":"follow","max-snippet":"max-snippet:-1","max-image-preview":"max-image-preview:large","max-video-preview":"max-video-preview:-1"},"canonical":"https:\/\/astrale.ch\/index.php\/produit\/carte-danniversaire-fete-du-zodiaque\/","og_locale":"fr_FR","og_type":"article","og_title":"Carte d'anniversaire F\u00eate du zodiaque &#8211; Astrale","og_description":"Toutes les constellations du zodiaque sont invit\u00e9es \u00e0 cette f\u00eate d'anniversaire. La dorure \u00e0 chaud fait de cette carte une merveille de po\u00e9sie et de d\u00e9licatesse. L'int\u00e9rieur est vierge pour vous laisser libre de votre message.  Et l'enveloppe dor\u00e9e est parfaitement en harmonie.  \u00a0","og_url":"https:\/\/astrale.ch\/index.php\/produit\/carte-danniversaire-fete-du-zodiaque\/","og_site_name":"Astrale","article_modified_time":"2024-04-11T20:53:26+00:00","og_image":[{"width":1000,"height":1000,"url":"https:\/\/astrale.ch\/wp-content\/uploads\/2024\/04\/Carte-Anniversaire-joojoo-zodiak-party.jpg","type":"image\/jpeg"}],"twitter_card":"summary_large_image","twitter_misc":{"Dur\u00e9e de lecture estim\u00e9e":"1 minute"},"schema":{"@context":"https:\/\/schema.org","@graph":[{"@type":"WebPage","@id":"https:\/\/astrale.ch\/index.php\/produit\/carte-danniversaire-fete-du-zodiaque\/","url":"https:\/\/astrale.ch\/index.php\/produit\/carte-danniversaire-fete-du-zodiaque\/","name":"Carte d'anniversaire F\u00eate du zodiaque &#8211; Astrale","isPartOf":{"@id":"https:\/\/astrale.ch\/#website"},"primaryImageOfPage":{"@id":"https:\/\/astrale.ch\/index.php\/produit\/carte-danniversaire-fete-du-zodiaque\/#primaryimage"},"image":{"@id":"https:\/\/astrale.ch\/index.php\/produit\/carte-danniversaire-fete-du-zodiaque\/#primaryimage"},"thumbnailUrl":"https:\/\/astrale.ch\/wp-content\/uploads\/2024\/04\/Carte-Anniversaire-joojoo-zodiak-party.jpg","datePublished":"2024-04-09T14:24:39+00:00","dateModified":"2024-04-11T20:53:26+00:00","breadcrumb":{"@id":"https:\/\/astrale.ch\/index.php\/produit\/carte-danniversaire-fete-du-zodiaque\/#breadcrumb"},"inLanguage":"fr-FR","potentialAction":[{"@type":"ReadAction","target":["https:\/\/astrale.ch\/index.php\/produit\/carte-danniversaire-fete-du-zodiaque\/"]}]},{"@type":"ImageObject","inLanguage":"fr-FR","@id":"https:\/\/astrale.ch\/index.php\/produit\/carte-danniversaire-fete-du-zodiaque\/#primaryimage","url":"https:\/\/astrale.ch\/wp-content\/uploads\/2024\/04\/Carte-Anniversaire-joojoo-zodiak-party.jpg","contentUrl":"https:\/\/astrale.ch\/wp-content\/uploads\/2024\/04\/Carte-Anniversaire-joojoo-zodiak-party.jpg","width":1000,"height":1000},{"@type":"BreadcrumbList","@id":"https:\/\/astrale.ch\/index.php\/produit\/carte-danniversaire-fete-du-zodiaque\/#breadcrumb","itemListElement":[{"@type":"ListItem","position":1,"name":"Home","item":"https:\/\/astrale.ch\/"},{"@type":"ListItem","position":2,"name":"Boutique","item":"https:\/\/astrale.ch\/index.php\/boutique\/"},{"@type":"ListItem","position":3,"name":"Carte d&#8217;anniversaire F\u00eate du zodiaque"}]},{"@type":"WebSite","@id":"https:\/\/astrale.ch\/#website","url":"https:\/\/astrale.ch\/","name":"Astrale - Meet your stars","description":"Meet your stars","publisher":{"@id":"https:\/\/astrale.ch\/#organization"},"potentialAction":[{"@type":"SearchAction","target":{"@type":"EntryPoint","urlTemplate":"https:\/\/astrale.ch\/?s={search_term_string}"},"query-input":{"@type":"PropertyValueSpecification","valueRequired":true,"valueName":"search_term_string"}}],"inLanguage":"fr-FR"},{"@type":"Organization","@id":"https:\/\/astrale.ch\/#organization","name":"Astrale.ch","url":"https:\/\/astrale.ch\/","logo":{"@type":"ImageObject","inLanguage":"fr-FR","@id":"https:\/\/astrale.ch\/#\/schema\/logo\/image\/","url":"https:\/\/astrale.ch\/wp-content\/uploads\/2021\/06\/logo_astrale_complet.png","contentUrl":"https:\/\/astrale.ch\/wp-content\/uploads\/2021\/06\/logo_astrale_complet.png","width":221,"height":342,"caption":"Astrale.ch"},"image":{"@id":"https:\/\/astrale.ch\/#\/schema\/logo\/image\/"}}]}},"_links":{"self":[{"href":"https:\/\/astrale.ch\/index.php\/wp-json\/wp\/v2\/product\/617","targetHints":{"allow":["GET"]}}],"collection":[{"href":"https:\/\/astrale.ch\/index.php\/wp-json\/wp\/v2\/product"}],"about":[{"href":"https:\/\/astrale.ch\/index.php\/wp-json\/wp\/v2\/types\/product"}],"replies":[{"embeddable":true,"href":"https:\/\/astrale.ch\/index.php\/wp-json\/wp\/v2\/comments?post=617"}],"wp:featuredmedia":[{"embeddable":true,"href":"https:\/\/astrale.ch\/index.php\/wp-json\/wp\/v2\/media\/618"}],"wp:attachment":[{"href":"https:\/\/astrale.ch\/index.php\/wp-json\/wp\/v2\/media?parent=617"}],"wp:term":[{"taxonomy":"product_cat","embeddable":true,"href":"https:\/\/astrale.ch\/index.php\/wp-json\/wp\/v2\/product_cat?post=617"},{"taxonomy":"product_tag","embeddable":true,"href":"https:\/\/astrale.ch\/index.php\/wp-json\/wp\/v2\/product_tag?post=617"}],"curies":[{"name":"wp","href":"https:\/\/api.w.org\/{rel}","templated":true}]}}