{"id":611,"date":"2024-04-09T15:54:55","date_gmt":"2024-04-09T13:54:55","guid":{"rendered":"https:\/\/astrale.ch\/?post_type=product&#038;p=611"},"modified":"2024-04-11T22:53:35","modified_gmt":"2024-04-11T20:53:35","slug":"grand-encreur-cuivre-celeste","status":"publish","type":"product","link":"https:\/\/astrale.ch\/index.php\/produit\/grand-encreur-cuivre-celeste\/","title":{"rendered":"Grand Encreur Cuivre C\u00e9leste"},"content":{"rendered":"<p><span class=\"a-list-item\">Encre qualit\u00e9 Archives : sans acide, \u00e0 base d\u2019eau, elle ne d\u00e9teint pas et r\u00e9siste \u00e0 l\u2019eau.<\/span><\/p>\n<p>Dimensions du bo\u00eetier : 10 x 6 cm<\/p>\n","protected":false},"excerpt":{"rendered":"<div id=\"product-description-long-2984\" class=\"col-sm-12 product-long-description\">\n<div class=\"woocommerce-product-details__short-description\">\n<p><span class=\"Y2IQFc\" lang=\"fr\">Une encre vibrante avec un effet m\u00e9tallis\u00e9 scintillant au rendu superbe.<\/span><\/p>\n<p><span class=\"Y2IQFc\" lang=\"fr\">Utilisez-la pour tamponner vos carnets, cartes, enveloppes, des cartes, livres\u2026 Mettez du brillant tout autour de vous !<br \/>\n<\/span><\/p>\n<p><span class=\"Y2IQFc\" lang=\"fr\">Retrouvez \u00e9galement nos tampons <a href=\"https:\/\/astrale.ch\/index.php\/etiquette-produit\/tampon\" target=\"_blank\" rel=\"noopener\">ici<\/a>.<\/span><\/p>\n<\/div>\n<\/div>\n","protected":false},"featured_media":616,"comment_status":"open","ping_status":"closed","template":"","meta":[],"product_cat":[34],"product_tag":[39,42,40],"class_list":{"0":"post-611","1":"product","2":"type-product","3":"status-publish","4":"has-post-thumbnail","6":"product_cat-stationery","7":"product_tag-bureau","8":"product_tag-encreur","9":"product_tag-papeterie","11":"first","12":"instock","13":"taxable","14":"shipping-taxable","15":"purchasable","16":"product-type-simple"},"yoast_head":"<!-- This site is optimized with the Yoast SEO plugin v27.3 - https:\/\/yoast.com\/product\/yoast-seo-wordpress\/ -->\n<title>Grand Encreur Cuivre C\u00e9leste &#8211; Astrale<\/title>\n<meta name=\"robots\" content=\"index, follow, max-snippet:-1, max-image-preview:large, max-video-preview:-1\" \/>\n<link rel=\"canonical\" href=\"https:\/\/astrale.ch\/index.php\/produit\/grand-encreur-cuivre-celeste\/\" \/>\n<meta property=\"og:locale\" content=\"fr_FR\" \/>\n<meta property=\"og:type\" content=\"article\" \/>\n<meta property=\"og:title\" content=\"Grand Encreur Cuivre C\u00e9leste &#8211; Astrale\" \/>\n<meta property=\"og:description\" content=\"Une encre vibrante avec un effet m\u00e9tallis\u00e9 scintillant au rendu superbe.  Utilisez-la pour tamponner vos carnets, cartes, enveloppes, des cartes, livres\u2026 Mettez du brillant tout autour de vous !   Retrouvez \u00e9galement nos tampons ici.\" \/>\n<meta property=\"og:url\" content=\"https:\/\/astrale.ch\/index.php\/produit\/grand-encreur-cuivre-celeste\/\" \/>\n<meta property=\"og:site_name\" content=\"Astrale\" \/>\n<meta property=\"article:modified_time\" content=\"2024-04-11T20:53:35+00:00\" \/>\n<meta property=\"og:image\" content=\"https:\/\/astrale.ch\/wp-content\/uploads\/2024\/04\/2253.jpg\" \/>\n\t<meta property=\"og:image:width\" content=\"450\" \/>\n\t<meta property=\"og:image:height\" content=\"309\" \/>\n\t<meta property=\"og:image:type\" content=\"image\/jpeg\" \/>\n<meta name=\"twitter:card\" content=\"summary_large_image\" \/>\n<meta name=\"twitter:label1\" content=\"Dur\u00e9e de lecture estim\u00e9e\" \/>\n\t<meta name=\"twitter:data1\" content=\"1 minute\" \/>\n<script type=\"application\/ld+json\" class=\"yoast-schema-graph\">{\"@context\":\"https:\\\/\\\/schema.org\",\"@graph\":[{\"@type\":\"WebPage\",\"@id\":\"https:\\\/\\\/astrale.ch\\\/index.php\\\/produit\\\/grand-encreur-cuivre-celeste\\\/\",\"url\":\"https:\\\/\\\/astrale.ch\\\/index.php\\\/produit\\\/grand-encreur-cuivre-celeste\\\/\",\"name\":\"Grand Encreur Cuivre C\u00e9leste &#8211; Astrale\",\"isPartOf\":{\"@id\":\"https:\\\/\\\/astrale.ch\\\/#website\"},\"primaryImageOfPage\":{\"@id\":\"https:\\\/\\\/astrale.ch\\\/index.php\\\/produit\\\/grand-encreur-cuivre-celeste\\\/#primaryimage\"},\"image\":{\"@id\":\"https:\\\/\\\/astrale.ch\\\/index.php\\\/produit\\\/grand-encreur-cuivre-celeste\\\/#primaryimage\"},\"thumbnailUrl\":\"https:\\\/\\\/astrale.ch\\\/wp-content\\\/uploads\\\/2024\\\/04\\\/2253.jpg\",\"datePublished\":\"2024-04-09T13:54:55+00:00\",\"dateModified\":\"2024-04-11T20:53:35+00:00\",\"breadcrumb\":{\"@id\":\"https:\\\/\\\/astrale.ch\\\/index.php\\\/produit\\\/grand-encreur-cuivre-celeste\\\/#breadcrumb\"},\"inLanguage\":\"fr-FR\",\"potentialAction\":[{\"@type\":\"ReadAction\",\"target\":[\"https:\\\/\\\/astrale.ch\\\/index.php\\\/produit\\\/grand-encreur-cuivre-celeste\\\/\"]}]},{\"@type\":\"ImageObject\",\"inLanguage\":\"fr-FR\",\"@id\":\"https:\\\/\\\/astrale.ch\\\/index.php\\\/produit\\\/grand-encreur-cuivre-celeste\\\/#primaryimage\",\"url\":\"https:\\\/\\\/astrale.ch\\\/wp-content\\\/uploads\\\/2024\\\/04\\\/2253.jpg\",\"contentUrl\":\"https:\\\/\\\/astrale.ch\\\/wp-content\\\/uploads\\\/2024\\\/04\\\/2253.jpg\",\"width\":450,\"height\":309},{\"@type\":\"BreadcrumbList\",\"@id\":\"https:\\\/\\\/astrale.ch\\\/index.php\\\/produit\\\/grand-encreur-cuivre-celeste\\\/#breadcrumb\",\"itemListElement\":[{\"@type\":\"ListItem\",\"position\":1,\"name\":\"Home\",\"item\":\"https:\\\/\\\/astrale.ch\\\/\"},{\"@type\":\"ListItem\",\"position\":2,\"name\":\"Boutique\",\"item\":\"https:\\\/\\\/astrale.ch\\\/index.php\\\/boutique\\\/\"},{\"@type\":\"ListItem\",\"position\":3,\"name\":\"Grand Encreur Cuivre C\u00e9leste\"}]},{\"@type\":\"WebSite\",\"@id\":\"https:\\\/\\\/astrale.ch\\\/#website\",\"url\":\"https:\\\/\\\/astrale.ch\\\/\",\"name\":\"Astrale - Meet your stars\",\"description\":\"Meet your stars\",\"publisher\":{\"@id\":\"https:\\\/\\\/astrale.ch\\\/#organization\"},\"potentialAction\":[{\"@type\":\"SearchAction\",\"target\":{\"@type\":\"EntryPoint\",\"urlTemplate\":\"https:\\\/\\\/astrale.ch\\\/?s={search_term_string}\"},\"query-input\":{\"@type\":\"PropertyValueSpecification\",\"valueRequired\":true,\"valueName\":\"search_term_string\"}}],\"inLanguage\":\"fr-FR\"},{\"@type\":\"Organization\",\"@id\":\"https:\\\/\\\/astrale.ch\\\/#organization\",\"name\":\"Astrale.ch\",\"url\":\"https:\\\/\\\/astrale.ch\\\/\",\"logo\":{\"@type\":\"ImageObject\",\"inLanguage\":\"fr-FR\",\"@id\":\"https:\\\/\\\/astrale.ch\\\/#\\\/schema\\\/logo\\\/image\\\/\",\"url\":\"https:\\\/\\\/astrale.ch\\\/wp-content\\\/uploads\\\/2021\\\/06\\\/logo_astrale_complet.png\",\"contentUrl\":\"https:\\\/\\\/astrale.ch\\\/wp-content\\\/uploads\\\/2021\\\/06\\\/logo_astrale_complet.png\",\"width\":221,\"height\":342,\"caption\":\"Astrale.ch\"},\"image\":{\"@id\":\"https:\\\/\\\/astrale.ch\\\/#\\\/schema\\\/logo\\\/image\\\/\"}}]}<\/script>\n<!-- \/ Yoast SEO plugin. -->","yoast_head_json":{"title":"Grand Encreur Cuivre C\u00e9leste &#8211; Astrale","robots":{"index":"index","follow":"follow","max-snippet":"max-snippet:-1","max-image-preview":"max-image-preview:large","max-video-preview":"max-video-preview:-1"},"canonical":"https:\/\/astrale.ch\/index.php\/produit\/grand-encreur-cuivre-celeste\/","og_locale":"fr_FR","og_type":"article","og_title":"Grand Encreur Cuivre C\u00e9leste &#8211; Astrale","og_description":"Une encre vibrante avec un effet m\u00e9tallis\u00e9 scintillant au rendu superbe.  Utilisez-la pour tamponner vos carnets, cartes, enveloppes, des cartes, livres\u2026 Mettez du brillant tout autour de vous !   Retrouvez \u00e9galement nos tampons ici.","og_url":"https:\/\/astrale.ch\/index.php\/produit\/grand-encreur-cuivre-celeste\/","og_site_name":"Astrale","article_modified_time":"2024-04-11T20:53:35+00:00","og_image":[{"width":450,"height":309,"url":"https:\/\/astrale.ch\/wp-content\/uploads\/2024\/04\/2253.jpg","type":"image\/jpeg"}],"twitter_card":"summary_large_image","twitter_misc":{"Dur\u00e9e de lecture estim\u00e9e":"1 minute"},"schema":{"@context":"https:\/\/schema.org","@graph":[{"@type":"WebPage","@id":"https:\/\/astrale.ch\/index.php\/produit\/grand-encreur-cuivre-celeste\/","url":"https:\/\/astrale.ch\/index.php\/produit\/grand-encreur-cuivre-celeste\/","name":"Grand Encreur Cuivre C\u00e9leste &#8211; Astrale","isPartOf":{"@id":"https:\/\/astrale.ch\/#website"},"primaryImageOfPage":{"@id":"https:\/\/astrale.ch\/index.php\/produit\/grand-encreur-cuivre-celeste\/#primaryimage"},"image":{"@id":"https:\/\/astrale.ch\/index.php\/produit\/grand-encreur-cuivre-celeste\/#primaryimage"},"thumbnailUrl":"https:\/\/astrale.ch\/wp-content\/uploads\/2024\/04\/2253.jpg","datePublished":"2024-04-09T13:54:55+00:00","dateModified":"2024-04-11T20:53:35+00:00","breadcrumb":{"@id":"https:\/\/astrale.ch\/index.php\/produit\/grand-encreur-cuivre-celeste\/#breadcrumb"},"inLanguage":"fr-FR","potentialAction":[{"@type":"ReadAction","target":["https:\/\/astrale.ch\/index.php\/produit\/grand-encreur-cuivre-celeste\/"]}]},{"@type":"ImageObject","inLanguage":"fr-FR","@id":"https:\/\/astrale.ch\/index.php\/produit\/grand-encreur-cuivre-celeste\/#primaryimage","url":"https:\/\/astrale.ch\/wp-content\/uploads\/2024\/04\/2253.jpg","contentUrl":"https:\/\/astrale.ch\/wp-content\/uploads\/2024\/04\/2253.jpg","width":450,"height":309},{"@type":"BreadcrumbList","@id":"https:\/\/astrale.ch\/index.php\/produit\/grand-encreur-cuivre-celeste\/#breadcrumb","itemListElement":[{"@type":"ListItem","position":1,"name":"Home","item":"https:\/\/astrale.ch\/"},{"@type":"ListItem","position":2,"name":"Boutique","item":"https:\/\/astrale.ch\/index.php\/boutique\/"},{"@type":"ListItem","position":3,"name":"Grand Encreur Cuivre C\u00e9leste"}]},{"@type":"WebSite","@id":"https:\/\/astrale.ch\/#website","url":"https:\/\/astrale.ch\/","name":"Astrale - Meet your stars","description":"Meet your stars","publisher":{"@id":"https:\/\/astrale.ch\/#organization"},"potentialAction":[{"@type":"SearchAction","target":{"@type":"EntryPoint","urlTemplate":"https:\/\/astrale.ch\/?s={search_term_string}"},"query-input":{"@type":"PropertyValueSpecification","valueRequired":true,"valueName":"search_term_string"}}],"inLanguage":"fr-FR"},{"@type":"Organization","@id":"https:\/\/astrale.ch\/#organization","name":"Astrale.ch","url":"https:\/\/astrale.ch\/","logo":{"@type":"ImageObject","inLanguage":"fr-FR","@id":"https:\/\/astrale.ch\/#\/schema\/logo\/image\/","url":"https:\/\/astrale.ch\/wp-content\/uploads\/2021\/06\/logo_astrale_complet.png","contentUrl":"https:\/\/astrale.ch\/wp-content\/uploads\/2021\/06\/logo_astrale_complet.png","width":221,"height":342,"caption":"Astrale.ch"},"image":{"@id":"https:\/\/astrale.ch\/#\/schema\/logo\/image\/"}}]}},"_links":{"self":[{"href":"https:\/\/astrale.ch\/index.php\/wp-json\/wp\/v2\/product\/611","targetHints":{"allow":["GET"]}}],"collection":[{"href":"https:\/\/astrale.ch\/index.php\/wp-json\/wp\/v2\/product"}],"about":[{"href":"https:\/\/astrale.ch\/index.php\/wp-json\/wp\/v2\/types\/product"}],"replies":[{"embeddable":true,"href":"https:\/\/astrale.ch\/index.php\/wp-json\/wp\/v2\/comments?post=611"}],"wp:featuredmedia":[{"embeddable":true,"href":"https:\/\/astrale.ch\/index.php\/wp-json\/wp\/v2\/media\/616"}],"wp:attachment":[{"href":"https:\/\/astrale.ch\/index.php\/wp-json\/wp\/v2\/media?parent=611"}],"wp:term":[{"taxonomy":"product_cat","embeddable":true,"href":"https:\/\/astrale.ch\/index.php\/wp-json\/wp\/v2\/product_cat?post=611"},{"taxonomy":"product_tag","embeddable":true,"href":"https:\/\/astrale.ch\/index.php\/wp-json\/wp\/v2\/product_tag?post=611"}],"curies":[{"name":"wp","href":"https:\/\/api.w.org\/{rel}","templated":true}]}}