{"id":609,"date":"2024-04-09T15:36:47","date_gmt":"2024-04-09T13:36:47","guid":{"rendered":"https:\/\/astrale.ch\/?post_type=product&#038;p=609"},"modified":"2024-04-11T23:05:03","modified_gmt":"2024-04-11T21:05:03","slug":"tampon-lune-fiole","status":"publish","type":"product","link":"https:\/\/astrale.ch\/index.php\/produit\/tampon-lune-fiole\/","title":{"rendered":"Tampon lune fiole"},"content":{"rendered":"<p>Lavable \u00e0 l\u2019eau<\/p>\n<p>Taille du tampon en bois :\u00a03,5 x 3,5 cm<\/p>\n","protected":false},"excerpt":{"rendered":"<div id=\"product-description-long-2984\" class=\"col-sm-12 product-long-description\">\n<div class=\"woocommerce-product-details__short-description\">\n<p><span class=\"Y2IQFc\" lang=\"fr\">Un tampon rempli de la po\u00e9sie lunaire. Chaque tampon est r\u00e9alis\u00e9 \u00e0 la main, un par un.Apportez un peu de magie astrale avec ce petit bijou d&rsquo;artisant.<\/span><\/p>\n<p><span class=\"Y2IQFc\" lang=\"fr\"> \u00c9galement disponible dans la version<a href=\"https:\/\/astrale.ch\/index.php\/produit\/tampon-soleil-fiole\" target=\"_blank\" rel=\"noopener\"> soleil<\/a>.<\/span><\/p>\n<p><span class=\"Y2IQFc\" lang=\"fr\">Retrouvez notre offre d&rsquo;encreurs <a href=\"https:\/\/julie-flamingo.com\/product-category\/papeterie-de-voyage\/bureau\/encreur\/\" target=\"_blank\" rel=\"noopener\">ici<\/a>.<\/span><\/p>\n<\/div>\n<\/div>\n","protected":false},"featured_media":707,"comment_status":"open","ping_status":"closed","template":"","meta":[],"product_cat":[34],"product_tag":[39,49,40,43],"class_list":{"0":"post-609","1":"product","2":"type-product","3":"status-publish","4":"has-post-thumbnail","6":"product_cat-stationery","7":"product_tag-bureau","8":"product_tag-lune","9":"product_tag-papeterie","10":"product_tag-tampon","12":"first","13":"instock","14":"taxable","15":"shipping-taxable","16":"purchasable","17":"product-type-simple"},"yoast_head":"<!-- This site is optimized with the Yoast SEO plugin v27.3 - https:\/\/yoast.com\/product\/yoast-seo-wordpress\/ -->\n<title>Tampon lune fiole &#8211; Astrale<\/title>\n<meta name=\"robots\" content=\"index, follow, max-snippet:-1, max-image-preview:large, max-video-preview:-1\" \/>\n<link rel=\"canonical\" href=\"https:\/\/astrale.ch\/index.php\/produit\/tampon-lune-fiole\/\" \/>\n<meta property=\"og:locale\" content=\"fr_FR\" \/>\n<meta property=\"og:type\" content=\"article\" \/>\n<meta property=\"og:title\" content=\"Tampon lune fiole &#8211; Astrale\" \/>\n<meta property=\"og:description\" content=\"Un tampon rempli de la po\u00e9sie lunaire. Chaque tampon est r\u00e9alis\u00e9 \u00e0 la main, un par un.Apportez un peu de magie astrale avec ce petit bijou d&#039;artisant.   \u00c9galement disponible dans la version soleil.  Retrouvez notre offre d&#039;encreurs ici.\" \/>\n<meta property=\"og:url\" content=\"https:\/\/astrale.ch\/index.php\/produit\/tampon-lune-fiole\/\" \/>\n<meta property=\"og:site_name\" content=\"Astrale\" \/>\n<meta property=\"article:modified_time\" content=\"2024-04-11T21:05:03+00:00\" \/>\n<meta property=\"og:image\" content=\"https:\/\/astrale.ch\/wp-content\/uploads\/2024\/04\/IMG_20240411_153407-scaled.jpg\" \/>\n\t<meta property=\"og:image:width\" content=\"1920\" \/>\n\t<meta property=\"og:image:height\" content=\"2560\" \/>\n\t<meta property=\"og:image:type\" content=\"image\/jpeg\" \/>\n<meta name=\"twitter:card\" content=\"summary_large_image\" \/>\n<meta name=\"twitter:label1\" content=\"Dur\u00e9e de lecture estim\u00e9e\" \/>\n\t<meta name=\"twitter:data1\" content=\"1 minute\" \/>\n<script type=\"application\/ld+json\" class=\"yoast-schema-graph\">{\"@context\":\"https:\\\/\\\/schema.org\",\"@graph\":[{\"@type\":\"WebPage\",\"@id\":\"https:\\\/\\\/astrale.ch\\\/index.php\\\/produit\\\/tampon-lune-fiole\\\/\",\"url\":\"https:\\\/\\\/astrale.ch\\\/index.php\\\/produit\\\/tampon-lune-fiole\\\/\",\"name\":\"Tampon lune fiole &#8211; Astrale\",\"isPartOf\":{\"@id\":\"https:\\\/\\\/astrale.ch\\\/#website\"},\"primaryImageOfPage\":{\"@id\":\"https:\\\/\\\/astrale.ch\\\/index.php\\\/produit\\\/tampon-lune-fiole\\\/#primaryimage\"},\"image\":{\"@id\":\"https:\\\/\\\/astrale.ch\\\/index.php\\\/produit\\\/tampon-lune-fiole\\\/#primaryimage\"},\"thumbnailUrl\":\"https:\\\/\\\/astrale.ch\\\/wp-content\\\/uploads\\\/2024\\\/04\\\/IMG_20240411_153407-scaled.jpg\",\"datePublished\":\"2024-04-09T13:36:47+00:00\",\"dateModified\":\"2024-04-11T21:05:03+00:00\",\"breadcrumb\":{\"@id\":\"https:\\\/\\\/astrale.ch\\\/index.php\\\/produit\\\/tampon-lune-fiole\\\/#breadcrumb\"},\"inLanguage\":\"fr-FR\",\"potentialAction\":[{\"@type\":\"ReadAction\",\"target\":[\"https:\\\/\\\/astrale.ch\\\/index.php\\\/produit\\\/tampon-lune-fiole\\\/\"]}]},{\"@type\":\"ImageObject\",\"inLanguage\":\"fr-FR\",\"@id\":\"https:\\\/\\\/astrale.ch\\\/index.php\\\/produit\\\/tampon-lune-fiole\\\/#primaryimage\",\"url\":\"https:\\\/\\\/astrale.ch\\\/wp-content\\\/uploads\\\/2024\\\/04\\\/IMG_20240411_153407-scaled.jpg\",\"contentUrl\":\"https:\\\/\\\/astrale.ch\\\/wp-content\\\/uploads\\\/2024\\\/04\\\/IMG_20240411_153407-scaled.jpg\",\"width\":1920,\"height\":2560},{\"@type\":\"BreadcrumbList\",\"@id\":\"https:\\\/\\\/astrale.ch\\\/index.php\\\/produit\\\/tampon-lune-fiole\\\/#breadcrumb\",\"itemListElement\":[{\"@type\":\"ListItem\",\"position\":1,\"name\":\"Home\",\"item\":\"https:\\\/\\\/astrale.ch\\\/\"},{\"@type\":\"ListItem\",\"position\":2,\"name\":\"Boutique\",\"item\":\"https:\\\/\\\/astrale.ch\\\/index.php\\\/boutique\\\/\"},{\"@type\":\"ListItem\",\"position\":3,\"name\":\"Tampon lune fiole\"}]},{\"@type\":\"WebSite\",\"@id\":\"https:\\\/\\\/astrale.ch\\\/#website\",\"url\":\"https:\\\/\\\/astrale.ch\\\/\",\"name\":\"Astrale - Meet your stars\",\"description\":\"Meet your stars\",\"publisher\":{\"@id\":\"https:\\\/\\\/astrale.ch\\\/#organization\"},\"potentialAction\":[{\"@type\":\"SearchAction\",\"target\":{\"@type\":\"EntryPoint\",\"urlTemplate\":\"https:\\\/\\\/astrale.ch\\\/?s={search_term_string}\"},\"query-input\":{\"@type\":\"PropertyValueSpecification\",\"valueRequired\":true,\"valueName\":\"search_term_string\"}}],\"inLanguage\":\"fr-FR\"},{\"@type\":\"Organization\",\"@id\":\"https:\\\/\\\/astrale.ch\\\/#organization\",\"name\":\"Astrale.ch\",\"url\":\"https:\\\/\\\/astrale.ch\\\/\",\"logo\":{\"@type\":\"ImageObject\",\"inLanguage\":\"fr-FR\",\"@id\":\"https:\\\/\\\/astrale.ch\\\/#\\\/schema\\\/logo\\\/image\\\/\",\"url\":\"https:\\\/\\\/astrale.ch\\\/wp-content\\\/uploads\\\/2021\\\/06\\\/logo_astrale_complet.png\",\"contentUrl\":\"https:\\\/\\\/astrale.ch\\\/wp-content\\\/uploads\\\/2021\\\/06\\\/logo_astrale_complet.png\",\"width\":221,\"height\":342,\"caption\":\"Astrale.ch\"},\"image\":{\"@id\":\"https:\\\/\\\/astrale.ch\\\/#\\\/schema\\\/logo\\\/image\\\/\"}}]}<\/script>\n<!-- \/ Yoast SEO plugin. -->","yoast_head_json":{"title":"Tampon lune fiole &#8211; Astrale","robots":{"index":"index","follow":"follow","max-snippet":"max-snippet:-1","max-image-preview":"max-image-preview:large","max-video-preview":"max-video-preview:-1"},"canonical":"https:\/\/astrale.ch\/index.php\/produit\/tampon-lune-fiole\/","og_locale":"fr_FR","og_type":"article","og_title":"Tampon lune fiole &#8211; Astrale","og_description":"Un tampon rempli de la po\u00e9sie lunaire. Chaque tampon est r\u00e9alis\u00e9 \u00e0 la main, un par un.Apportez un peu de magie astrale avec ce petit bijou d'artisant.   \u00c9galement disponible dans la version soleil.  Retrouvez notre offre d'encreurs ici.","og_url":"https:\/\/astrale.ch\/index.php\/produit\/tampon-lune-fiole\/","og_site_name":"Astrale","article_modified_time":"2024-04-11T21:05:03+00:00","og_image":[{"width":1920,"height":2560,"url":"https:\/\/astrale.ch\/wp-content\/uploads\/2024\/04\/IMG_20240411_153407-scaled.jpg","type":"image\/jpeg"}],"twitter_card":"summary_large_image","twitter_misc":{"Dur\u00e9e de lecture estim\u00e9e":"1 minute"},"schema":{"@context":"https:\/\/schema.org","@graph":[{"@type":"WebPage","@id":"https:\/\/astrale.ch\/index.php\/produit\/tampon-lune-fiole\/","url":"https:\/\/astrale.ch\/index.php\/produit\/tampon-lune-fiole\/","name":"Tampon lune fiole &#8211; Astrale","isPartOf":{"@id":"https:\/\/astrale.ch\/#website"},"primaryImageOfPage":{"@id":"https:\/\/astrale.ch\/index.php\/produit\/tampon-lune-fiole\/#primaryimage"},"image":{"@id":"https:\/\/astrale.ch\/index.php\/produit\/tampon-lune-fiole\/#primaryimage"},"thumbnailUrl":"https:\/\/astrale.ch\/wp-content\/uploads\/2024\/04\/IMG_20240411_153407-scaled.jpg","datePublished":"2024-04-09T13:36:47+00:00","dateModified":"2024-04-11T21:05:03+00:00","breadcrumb":{"@id":"https:\/\/astrale.ch\/index.php\/produit\/tampon-lune-fiole\/#breadcrumb"},"inLanguage":"fr-FR","potentialAction":[{"@type":"ReadAction","target":["https:\/\/astrale.ch\/index.php\/produit\/tampon-lune-fiole\/"]}]},{"@type":"ImageObject","inLanguage":"fr-FR","@id":"https:\/\/astrale.ch\/index.php\/produit\/tampon-lune-fiole\/#primaryimage","url":"https:\/\/astrale.ch\/wp-content\/uploads\/2024\/04\/IMG_20240411_153407-scaled.jpg","contentUrl":"https:\/\/astrale.ch\/wp-content\/uploads\/2024\/04\/IMG_20240411_153407-scaled.jpg","width":1920,"height":2560},{"@type":"BreadcrumbList","@id":"https:\/\/astrale.ch\/index.php\/produit\/tampon-lune-fiole\/#breadcrumb","itemListElement":[{"@type":"ListItem","position":1,"name":"Home","item":"https:\/\/astrale.ch\/"},{"@type":"ListItem","position":2,"name":"Boutique","item":"https:\/\/astrale.ch\/index.php\/boutique\/"},{"@type":"ListItem","position":3,"name":"Tampon lune fiole"}]},{"@type":"WebSite","@id":"https:\/\/astrale.ch\/#website","url":"https:\/\/astrale.ch\/","name":"Astrale - Meet your stars","description":"Meet your stars","publisher":{"@id":"https:\/\/astrale.ch\/#organization"},"potentialAction":[{"@type":"SearchAction","target":{"@type":"EntryPoint","urlTemplate":"https:\/\/astrale.ch\/?s={search_term_string}"},"query-input":{"@type":"PropertyValueSpecification","valueRequired":true,"valueName":"search_term_string"}}],"inLanguage":"fr-FR"},{"@type":"Organization","@id":"https:\/\/astrale.ch\/#organization","name":"Astrale.ch","url":"https:\/\/astrale.ch\/","logo":{"@type":"ImageObject","inLanguage":"fr-FR","@id":"https:\/\/astrale.ch\/#\/schema\/logo\/image\/","url":"https:\/\/astrale.ch\/wp-content\/uploads\/2021\/06\/logo_astrale_complet.png","contentUrl":"https:\/\/astrale.ch\/wp-content\/uploads\/2021\/06\/logo_astrale_complet.png","width":221,"height":342,"caption":"Astrale.ch"},"image":{"@id":"https:\/\/astrale.ch\/#\/schema\/logo\/image\/"}}]}},"_links":{"self":[{"href":"https:\/\/astrale.ch\/index.php\/wp-json\/wp\/v2\/product\/609","targetHints":{"allow":["GET"]}}],"collection":[{"href":"https:\/\/astrale.ch\/index.php\/wp-json\/wp\/v2\/product"}],"about":[{"href":"https:\/\/astrale.ch\/index.php\/wp-json\/wp\/v2\/types\/product"}],"replies":[{"embeddable":true,"href":"https:\/\/astrale.ch\/index.php\/wp-json\/wp\/v2\/comments?post=609"}],"wp:featuredmedia":[{"embeddable":true,"href":"https:\/\/astrale.ch\/index.php\/wp-json\/wp\/v2\/media\/707"}],"wp:attachment":[{"href":"https:\/\/astrale.ch\/index.php\/wp-json\/wp\/v2\/media?parent=609"}],"wp:term":[{"taxonomy":"product_cat","embeddable":true,"href":"https:\/\/astrale.ch\/index.php\/wp-json\/wp\/v2\/product_cat?post=609"},{"taxonomy":"product_tag","embeddable":true,"href":"https:\/\/astrale.ch\/index.php\/wp-json\/wp\/v2\/product_tag?post=609"}],"curies":[{"name":"wp","href":"https:\/\/api.w.org\/{rel}","templated":true}]}}