{"id":602,"date":"2024-04-09T15:16:28","date_gmt":"2024-04-09T13:16:28","guid":{"rendered":"https:\/\/astrale.ch\/?post_type=product&#038;p=602"},"modified":"2024-04-11T23:31:20","modified_gmt":"2024-04-11T21:31:20","slug":"trousse-slim-cuivree","status":"publish","type":"product","link":"https:\/\/astrale.ch\/index.php\/produit\/trousse-slim-cuivree\/","title":{"rendered":"Trousse slim cuivr\u00e9e"},"content":{"rendered":"<p>Dimensions : 4 x 2.5 x 19.5 cm<\/p>\n","protected":false},"excerpt":{"rendered":"<div>Un indispensable au quotidien ! Ces trousses format \u00ab\u00a0slim\u00a0\u00bb sont parfaites pour y glisser seulement quelques crayons et stylos, sans encombrer tout un sac.<\/div>\n<div>Elles sont en cuir d&rsquo;agneau, tr\u00e8s souples et le tannage est v\u00e9g\u00e9tal.<\/div>\n<div>L&rsquo;effet cuivr\u00e9 apporte \u00e9norm\u00e9ment de caract\u00e8re rend cette trousse absolument irr\u00e9sistible !<\/div>\n","protected":false},"featured_media":821,"comment_status":"open","ping_status":"closed","template":"","meta":[],"product_cat":[34],"product_tag":[39,40,45],"class_list":{"0":"post-602","1":"product","2":"type-product","3":"status-publish","4":"has-post-thumbnail","6":"product_cat-stationery","7":"product_tag-bureau","8":"product_tag-papeterie","9":"product_tag-trousse","11":"first","12":"instock","13":"taxable","14":"shipping-taxable","15":"purchasable","16":"product-type-simple"},"yoast_head":"<!-- This site is optimized with the Yoast SEO plugin v27.3 - https:\/\/yoast.com\/product\/yoast-seo-wordpress\/ -->\n<title>Trousse slim cuivr\u00e9e &#8211; Astrale<\/title>\n<meta name=\"robots\" content=\"index, follow, max-snippet:-1, max-image-preview:large, max-video-preview:-1\" \/>\n<link rel=\"canonical\" href=\"https:\/\/astrale.ch\/index.php\/produit\/trousse-slim-cuivree\/\" \/>\n<meta property=\"og:locale\" content=\"fr_FR\" \/>\n<meta property=\"og:type\" content=\"article\" \/>\n<meta property=\"og:title\" content=\"Trousse slim cuivr\u00e9e &#8211; Astrale\" \/>\n<meta property=\"og:description\" content=\"Un indispensable au quotidien ! Ces trousses format &quot;slim&quot; sont parfaites pour y glisser seulement quelques crayons et stylos, sans encombrer tout un sac. Elles sont en cuir d&#039;agneau, tr\u00e8s souples et le tannage est v\u00e9g\u00e9tal. L&#039;effet cuivr\u00e9 apporte \u00e9norm\u00e9ment de caract\u00e8re rend cette trousse absolument irr\u00e9sistible !\" \/>\n<meta property=\"og:url\" content=\"https:\/\/astrale.ch\/index.php\/produit\/trousse-slim-cuivree\/\" \/>\n<meta property=\"og:site_name\" content=\"Astrale\" \/>\n<meta property=\"article:modified_time\" content=\"2024-04-11T21:31:20+00:00\" \/>\n<meta property=\"og:image\" content=\"https:\/\/astrale.ch\/wp-content\/uploads\/2024\/04\/g942.png\" \/>\n\t<meta property=\"og:image:width\" content=\"1984\" \/>\n\t<meta property=\"og:image:height\" content=\"1984\" \/>\n\t<meta property=\"og:image:type\" content=\"image\/png\" \/>\n<meta name=\"twitter:card\" content=\"summary_large_image\" \/>\n<meta name=\"twitter:label1\" content=\"Dur\u00e9e de lecture estim\u00e9e\" \/>\n\t<meta name=\"twitter:data1\" content=\"1 minute\" \/>\n<script type=\"application\/ld+json\" class=\"yoast-schema-graph\">{\"@context\":\"https:\\\/\\\/schema.org\",\"@graph\":[{\"@type\":\"WebPage\",\"@id\":\"https:\\\/\\\/astrale.ch\\\/index.php\\\/produit\\\/trousse-slim-cuivree\\\/\",\"url\":\"https:\\\/\\\/astrale.ch\\\/index.php\\\/produit\\\/trousse-slim-cuivree\\\/\",\"name\":\"Trousse slim cuivr\u00e9e &#8211; Astrale\",\"isPartOf\":{\"@id\":\"https:\\\/\\\/astrale.ch\\\/#website\"},\"primaryImageOfPage\":{\"@id\":\"https:\\\/\\\/astrale.ch\\\/index.php\\\/produit\\\/trousse-slim-cuivree\\\/#primaryimage\"},\"image\":{\"@id\":\"https:\\\/\\\/astrale.ch\\\/index.php\\\/produit\\\/trousse-slim-cuivree\\\/#primaryimage\"},\"thumbnailUrl\":\"https:\\\/\\\/astrale.ch\\\/wp-content\\\/uploads\\\/2024\\\/04\\\/g942.png\",\"datePublished\":\"2024-04-09T13:16:28+00:00\",\"dateModified\":\"2024-04-11T21:31:20+00:00\",\"breadcrumb\":{\"@id\":\"https:\\\/\\\/astrale.ch\\\/index.php\\\/produit\\\/trousse-slim-cuivree\\\/#breadcrumb\"},\"inLanguage\":\"fr-FR\",\"potentialAction\":[{\"@type\":\"ReadAction\",\"target\":[\"https:\\\/\\\/astrale.ch\\\/index.php\\\/produit\\\/trousse-slim-cuivree\\\/\"]}]},{\"@type\":\"ImageObject\",\"inLanguage\":\"fr-FR\",\"@id\":\"https:\\\/\\\/astrale.ch\\\/index.php\\\/produit\\\/trousse-slim-cuivree\\\/#primaryimage\",\"url\":\"https:\\\/\\\/astrale.ch\\\/wp-content\\\/uploads\\\/2024\\\/04\\\/g942.png\",\"contentUrl\":\"https:\\\/\\\/astrale.ch\\\/wp-content\\\/uploads\\\/2024\\\/04\\\/g942.png\",\"width\":1984,\"height\":1984},{\"@type\":\"BreadcrumbList\",\"@id\":\"https:\\\/\\\/astrale.ch\\\/index.php\\\/produit\\\/trousse-slim-cuivree\\\/#breadcrumb\",\"itemListElement\":[{\"@type\":\"ListItem\",\"position\":1,\"name\":\"Home\",\"item\":\"https:\\\/\\\/astrale.ch\\\/\"},{\"@type\":\"ListItem\",\"position\":2,\"name\":\"Boutique\",\"item\":\"https:\\\/\\\/astrale.ch\\\/index.php\\\/boutique\\\/\"},{\"@type\":\"ListItem\",\"position\":3,\"name\":\"Trousse slim cuivr\u00e9e\"}]},{\"@type\":\"WebSite\",\"@id\":\"https:\\\/\\\/astrale.ch\\\/#website\",\"url\":\"https:\\\/\\\/astrale.ch\\\/\",\"name\":\"Astrale - Meet your stars\",\"description\":\"Meet your stars\",\"publisher\":{\"@id\":\"https:\\\/\\\/astrale.ch\\\/#organization\"},\"potentialAction\":[{\"@type\":\"SearchAction\",\"target\":{\"@type\":\"EntryPoint\",\"urlTemplate\":\"https:\\\/\\\/astrale.ch\\\/?s={search_term_string}\"},\"query-input\":{\"@type\":\"PropertyValueSpecification\",\"valueRequired\":true,\"valueName\":\"search_term_string\"}}],\"inLanguage\":\"fr-FR\"},{\"@type\":\"Organization\",\"@id\":\"https:\\\/\\\/astrale.ch\\\/#organization\",\"name\":\"Astrale.ch\",\"url\":\"https:\\\/\\\/astrale.ch\\\/\",\"logo\":{\"@type\":\"ImageObject\",\"inLanguage\":\"fr-FR\",\"@id\":\"https:\\\/\\\/astrale.ch\\\/#\\\/schema\\\/logo\\\/image\\\/\",\"url\":\"https:\\\/\\\/astrale.ch\\\/wp-content\\\/uploads\\\/2021\\\/06\\\/logo_astrale_complet.png\",\"contentUrl\":\"https:\\\/\\\/astrale.ch\\\/wp-content\\\/uploads\\\/2021\\\/06\\\/logo_astrale_complet.png\",\"width\":221,\"height\":342,\"caption\":\"Astrale.ch\"},\"image\":{\"@id\":\"https:\\\/\\\/astrale.ch\\\/#\\\/schema\\\/logo\\\/image\\\/\"}}]}<\/script>\n<!-- \/ Yoast SEO plugin. -->","yoast_head_json":{"title":"Trousse slim cuivr\u00e9e &#8211; Astrale","robots":{"index":"index","follow":"follow","max-snippet":"max-snippet:-1","max-image-preview":"max-image-preview:large","max-video-preview":"max-video-preview:-1"},"canonical":"https:\/\/astrale.ch\/index.php\/produit\/trousse-slim-cuivree\/","og_locale":"fr_FR","og_type":"article","og_title":"Trousse slim cuivr\u00e9e &#8211; Astrale","og_description":"Un indispensable au quotidien ! Ces trousses format \"slim\" sont parfaites pour y glisser seulement quelques crayons et stylos, sans encombrer tout un sac. Elles sont en cuir d'agneau, tr\u00e8s souples et le tannage est v\u00e9g\u00e9tal. L'effet cuivr\u00e9 apporte \u00e9norm\u00e9ment de caract\u00e8re rend cette trousse absolument irr\u00e9sistible !","og_url":"https:\/\/astrale.ch\/index.php\/produit\/trousse-slim-cuivree\/","og_site_name":"Astrale","article_modified_time":"2024-04-11T21:31:20+00:00","og_image":[{"width":1984,"height":1984,"url":"https:\/\/astrale.ch\/wp-content\/uploads\/2024\/04\/g942.png","type":"image\/png"}],"twitter_card":"summary_large_image","twitter_misc":{"Dur\u00e9e de lecture estim\u00e9e":"1 minute"},"schema":{"@context":"https:\/\/schema.org","@graph":[{"@type":"WebPage","@id":"https:\/\/astrale.ch\/index.php\/produit\/trousse-slim-cuivree\/","url":"https:\/\/astrale.ch\/index.php\/produit\/trousse-slim-cuivree\/","name":"Trousse slim cuivr\u00e9e &#8211; Astrale","isPartOf":{"@id":"https:\/\/astrale.ch\/#website"},"primaryImageOfPage":{"@id":"https:\/\/astrale.ch\/index.php\/produit\/trousse-slim-cuivree\/#primaryimage"},"image":{"@id":"https:\/\/astrale.ch\/index.php\/produit\/trousse-slim-cuivree\/#primaryimage"},"thumbnailUrl":"https:\/\/astrale.ch\/wp-content\/uploads\/2024\/04\/g942.png","datePublished":"2024-04-09T13:16:28+00:00","dateModified":"2024-04-11T21:31:20+00:00","breadcrumb":{"@id":"https:\/\/astrale.ch\/index.php\/produit\/trousse-slim-cuivree\/#breadcrumb"},"inLanguage":"fr-FR","potentialAction":[{"@type":"ReadAction","target":["https:\/\/astrale.ch\/index.php\/produit\/trousse-slim-cuivree\/"]}]},{"@type":"ImageObject","inLanguage":"fr-FR","@id":"https:\/\/astrale.ch\/index.php\/produit\/trousse-slim-cuivree\/#primaryimage","url":"https:\/\/astrale.ch\/wp-content\/uploads\/2024\/04\/g942.png","contentUrl":"https:\/\/astrale.ch\/wp-content\/uploads\/2024\/04\/g942.png","width":1984,"height":1984},{"@type":"BreadcrumbList","@id":"https:\/\/astrale.ch\/index.php\/produit\/trousse-slim-cuivree\/#breadcrumb","itemListElement":[{"@type":"ListItem","position":1,"name":"Home","item":"https:\/\/astrale.ch\/"},{"@type":"ListItem","position":2,"name":"Boutique","item":"https:\/\/astrale.ch\/index.php\/boutique\/"},{"@type":"ListItem","position":3,"name":"Trousse slim cuivr\u00e9e"}]},{"@type":"WebSite","@id":"https:\/\/astrale.ch\/#website","url":"https:\/\/astrale.ch\/","name":"Astrale - Meet your stars","description":"Meet your stars","publisher":{"@id":"https:\/\/astrale.ch\/#organization"},"potentialAction":[{"@type":"SearchAction","target":{"@type":"EntryPoint","urlTemplate":"https:\/\/astrale.ch\/?s={search_term_string}"},"query-input":{"@type":"PropertyValueSpecification","valueRequired":true,"valueName":"search_term_string"}}],"inLanguage":"fr-FR"},{"@type":"Organization","@id":"https:\/\/astrale.ch\/#organization","name":"Astrale.ch","url":"https:\/\/astrale.ch\/","logo":{"@type":"ImageObject","inLanguage":"fr-FR","@id":"https:\/\/astrale.ch\/#\/schema\/logo\/image\/","url":"https:\/\/astrale.ch\/wp-content\/uploads\/2021\/06\/logo_astrale_complet.png","contentUrl":"https:\/\/astrale.ch\/wp-content\/uploads\/2021\/06\/logo_astrale_complet.png","width":221,"height":342,"caption":"Astrale.ch"},"image":{"@id":"https:\/\/astrale.ch\/#\/schema\/logo\/image\/"}}]}},"_links":{"self":[{"href":"https:\/\/astrale.ch\/index.php\/wp-json\/wp\/v2\/product\/602","targetHints":{"allow":["GET"]}}],"collection":[{"href":"https:\/\/astrale.ch\/index.php\/wp-json\/wp\/v2\/product"}],"about":[{"href":"https:\/\/astrale.ch\/index.php\/wp-json\/wp\/v2\/types\/product"}],"replies":[{"embeddable":true,"href":"https:\/\/astrale.ch\/index.php\/wp-json\/wp\/v2\/comments?post=602"}],"wp:featuredmedia":[{"embeddable":true,"href":"https:\/\/astrale.ch\/index.php\/wp-json\/wp\/v2\/media\/821"}],"wp:attachment":[{"href":"https:\/\/astrale.ch\/index.php\/wp-json\/wp\/v2\/media?parent=602"}],"wp:term":[{"taxonomy":"product_cat","embeddable":true,"href":"https:\/\/astrale.ch\/index.php\/wp-json\/wp\/v2\/product_cat?post=602"},{"taxonomy":"product_tag","embeddable":true,"href":"https:\/\/astrale.ch\/index.php\/wp-json\/wp\/v2\/product_tag?post=602"}],"curies":[{"name":"wp","href":"https:\/\/api.w.org\/{rel}","templated":true}]}}