{"id":146,"date":"2021-07-16T14:28:31","date_gmt":"2021-07-16T12:28:31","guid":{"rendered":"https:\/\/astrale.ch\/?post_type=product&#038;p=146"},"modified":"2024-04-10T19:23:28","modified_gmt":"2024-04-10T17:23:28","slug":"collier-lune","status":"publish","type":"product","link":"https:\/\/astrale.ch\/index.php\/produit\/collier-lune\/","title":{"rendered":"Collier lune"},"content":{"rendered":"<p>Longueur : 44 cm<\/p>\n<p>Diam\u00e8tre du pendentif : 19 mm<\/p>\n<p>Le fermoir est magn\u00e9tique, si vous avez un pacemaker, demandez \u00e0 votre m\u00e9decin si vous pouvez en porter un.<\/p>\n","protected":false},"excerpt":{"rendered":"<p>Un collier lune tout en dentelle et d\u00e9licatesse. Sa douce lumi\u00e8re argent\u00e9e vous entourera.<\/p>\n<p>Le fermoir est magn\u00e9tique, cela est tellement pratique \u00e0 utiliser tout en \u00e9tant suffisamment fort pour ne pas le perdre.<\/p>\n<p>Continuez de r\u00eaver et de briller !<\/p>\n","protected":false},"featured_media":289,"comment_status":"open","ping_status":"closed","template":"","meta":[],"product_cat":[19],"product_tag":[22,20,30,49],"class_list":{"0":"post-146","1":"product","2":"type-product","3":"status-publish","4":"has-post-thumbnail","6":"product_cat-jewellery","7":"product_tag-argent","8":"product_tag-bijoux","9":"product_tag-collier","10":"product_tag-lune","12":"first","13":"instock","14":"taxable","15":"shipping-taxable","16":"purchasable","17":"product-type-simple"},"yoast_head":"<!-- This site is optimized with the Yoast SEO plugin v27.3 - https:\/\/yoast.com\/product\/yoast-seo-wordpress\/ -->\n<title>Collier lune &#8211; Astrale &#8211; Meet your stars<\/title>\n<meta name=\"description\" content=\"Moon necklace handmade in Z\u00fcrich Switzerland. Magnetic clasp.\" \/>\n<meta name=\"robots\" content=\"index, follow, max-snippet:-1, max-image-preview:large, max-video-preview:-1\" \/>\n<link rel=\"canonical\" href=\"https:\/\/astrale.ch\/index.php\/produit\/collier-lune\/\" \/>\n<meta property=\"og:locale\" content=\"fr_FR\" \/>\n<meta property=\"og:type\" content=\"article\" \/>\n<meta property=\"og:title\" content=\"Collier lune &#8211; Astrale &#8211; Meet your stars\" \/>\n<meta property=\"og:description\" content=\"Moon necklace handmade in Z\u00fcrich Switzerland. Magnetic clasp.\" \/>\n<meta property=\"og:url\" content=\"https:\/\/astrale.ch\/index.php\/produit\/collier-lune\/\" \/>\n<meta property=\"og:site_name\" content=\"Astrale\" \/>\n<meta property=\"article:modified_time\" content=\"2024-04-10T17:23:28+00:00\" \/>\n<meta property=\"og:image\" content=\"https:\/\/astrale.ch\/wp-content\/uploads\/2021\/09\/C_lune_face.jpg\" \/>\n\t<meta property=\"og:image:width\" content=\"1080\" \/>\n\t<meta property=\"og:image:height\" content=\"1080\" \/>\n\t<meta property=\"og:image:type\" content=\"image\/jpeg\" \/>\n<meta name=\"twitter:card\" content=\"summary_large_image\" \/>\n<meta name=\"twitter:label1\" content=\"Dur\u00e9e de lecture estim\u00e9e\" \/>\n\t<meta name=\"twitter:data1\" content=\"1 minute\" \/>\n<script type=\"application\/ld+json\" class=\"yoast-schema-graph\">{\"@context\":\"https:\\\/\\\/schema.org\",\"@graph\":[{\"@type\":\"WebPage\",\"@id\":\"https:\\\/\\\/astrale.ch\\\/index.php\\\/produit\\\/collier-lune\\\/\",\"url\":\"https:\\\/\\\/astrale.ch\\\/index.php\\\/produit\\\/collier-lune\\\/\",\"name\":\"Collier lune &#8211; Astrale &#8211; Meet your stars\",\"isPartOf\":{\"@id\":\"https:\\\/\\\/astrale.ch\\\/#website\"},\"primaryImageOfPage\":{\"@id\":\"https:\\\/\\\/astrale.ch\\\/index.php\\\/produit\\\/collier-lune\\\/#primaryimage\"},\"image\":{\"@id\":\"https:\\\/\\\/astrale.ch\\\/index.php\\\/produit\\\/collier-lune\\\/#primaryimage\"},\"thumbnailUrl\":\"https:\\\/\\\/astrale.ch\\\/wp-content\\\/uploads\\\/2021\\\/09\\\/C_lune_face.jpg\",\"datePublished\":\"2021-07-16T12:28:31+00:00\",\"dateModified\":\"2024-04-10T17:23:28+00:00\",\"description\":\"Moon necklace handmade in Z\u00fcrich Switzerland. Magnetic clasp.\",\"breadcrumb\":{\"@id\":\"https:\\\/\\\/astrale.ch\\\/index.php\\\/produit\\\/collier-lune\\\/#breadcrumb\"},\"inLanguage\":\"fr-FR\",\"potentialAction\":[{\"@type\":\"ReadAction\",\"target\":[\"https:\\\/\\\/astrale.ch\\\/index.php\\\/produit\\\/collier-lune\\\/\"]}]},{\"@type\":\"ImageObject\",\"inLanguage\":\"fr-FR\",\"@id\":\"https:\\\/\\\/astrale.ch\\\/index.php\\\/produit\\\/collier-lune\\\/#primaryimage\",\"url\":\"https:\\\/\\\/astrale.ch\\\/wp-content\\\/uploads\\\/2021\\\/09\\\/C_lune_face.jpg\",\"contentUrl\":\"https:\\\/\\\/astrale.ch\\\/wp-content\\\/uploads\\\/2021\\\/09\\\/C_lune_face.jpg\",\"width\":1080,\"height\":1080},{\"@type\":\"BreadcrumbList\",\"@id\":\"https:\\\/\\\/astrale.ch\\\/index.php\\\/produit\\\/collier-lune\\\/#breadcrumb\",\"itemListElement\":[{\"@type\":\"ListItem\",\"position\":1,\"name\":\"Home\",\"item\":\"https:\\\/\\\/astrale.ch\\\/\"},{\"@type\":\"ListItem\",\"position\":2,\"name\":\"Boutique\",\"item\":\"https:\\\/\\\/astrale.ch\\\/index.php\\\/boutique\\\/\"},{\"@type\":\"ListItem\",\"position\":3,\"name\":\"Collier lune\"}]},{\"@type\":\"WebSite\",\"@id\":\"https:\\\/\\\/astrale.ch\\\/#website\",\"url\":\"https:\\\/\\\/astrale.ch\\\/\",\"name\":\"Astrale - Meet your stars\",\"description\":\"Meet your stars\",\"publisher\":{\"@id\":\"https:\\\/\\\/astrale.ch\\\/#organization\"},\"potentialAction\":[{\"@type\":\"SearchAction\",\"target\":{\"@type\":\"EntryPoint\",\"urlTemplate\":\"https:\\\/\\\/astrale.ch\\\/?s={search_term_string}\"},\"query-input\":{\"@type\":\"PropertyValueSpecification\",\"valueRequired\":true,\"valueName\":\"search_term_string\"}}],\"inLanguage\":\"fr-FR\"},{\"@type\":\"Organization\",\"@id\":\"https:\\\/\\\/astrale.ch\\\/#organization\",\"name\":\"Astrale.ch\",\"url\":\"https:\\\/\\\/astrale.ch\\\/\",\"logo\":{\"@type\":\"ImageObject\",\"inLanguage\":\"fr-FR\",\"@id\":\"https:\\\/\\\/astrale.ch\\\/#\\\/schema\\\/logo\\\/image\\\/\",\"url\":\"https:\\\/\\\/astrale.ch\\\/wp-content\\\/uploads\\\/2021\\\/06\\\/logo_astrale_complet.png\",\"contentUrl\":\"https:\\\/\\\/astrale.ch\\\/wp-content\\\/uploads\\\/2021\\\/06\\\/logo_astrale_complet.png\",\"width\":221,\"height\":342,\"caption\":\"Astrale.ch\"},\"image\":{\"@id\":\"https:\\\/\\\/astrale.ch\\\/#\\\/schema\\\/logo\\\/image\\\/\"}}]}<\/script>\n<!-- \/ Yoast SEO plugin. -->","yoast_head_json":{"title":"Collier lune &#8211; Astrale &#8211; Meet your stars","description":"Moon necklace handmade in Z\u00fcrich Switzerland. Magnetic clasp.","robots":{"index":"index","follow":"follow","max-snippet":"max-snippet:-1","max-image-preview":"max-image-preview:large","max-video-preview":"max-video-preview:-1"},"canonical":"https:\/\/astrale.ch\/index.php\/produit\/collier-lune\/","og_locale":"fr_FR","og_type":"article","og_title":"Collier lune &#8211; Astrale &#8211; Meet your stars","og_description":"Moon necklace handmade in Z\u00fcrich Switzerland. Magnetic clasp.","og_url":"https:\/\/astrale.ch\/index.php\/produit\/collier-lune\/","og_site_name":"Astrale","article_modified_time":"2024-04-10T17:23:28+00:00","og_image":[{"width":1080,"height":1080,"url":"https:\/\/astrale.ch\/wp-content\/uploads\/2021\/09\/C_lune_face.jpg","type":"image\/jpeg"}],"twitter_card":"summary_large_image","twitter_misc":{"Dur\u00e9e de lecture estim\u00e9e":"1 minute"},"schema":{"@context":"https:\/\/schema.org","@graph":[{"@type":"WebPage","@id":"https:\/\/astrale.ch\/index.php\/produit\/collier-lune\/","url":"https:\/\/astrale.ch\/index.php\/produit\/collier-lune\/","name":"Collier lune &#8211; Astrale &#8211; Meet your stars","isPartOf":{"@id":"https:\/\/astrale.ch\/#website"},"primaryImageOfPage":{"@id":"https:\/\/astrale.ch\/index.php\/produit\/collier-lune\/#primaryimage"},"image":{"@id":"https:\/\/astrale.ch\/index.php\/produit\/collier-lune\/#primaryimage"},"thumbnailUrl":"https:\/\/astrale.ch\/wp-content\/uploads\/2021\/09\/C_lune_face.jpg","datePublished":"2021-07-16T12:28:31+00:00","dateModified":"2024-04-10T17:23:28+00:00","description":"Moon necklace handmade in Z\u00fcrich Switzerland. Magnetic clasp.","breadcrumb":{"@id":"https:\/\/astrale.ch\/index.php\/produit\/collier-lune\/#breadcrumb"},"inLanguage":"fr-FR","potentialAction":[{"@type":"ReadAction","target":["https:\/\/astrale.ch\/index.php\/produit\/collier-lune\/"]}]},{"@type":"ImageObject","inLanguage":"fr-FR","@id":"https:\/\/astrale.ch\/index.php\/produit\/collier-lune\/#primaryimage","url":"https:\/\/astrale.ch\/wp-content\/uploads\/2021\/09\/C_lune_face.jpg","contentUrl":"https:\/\/astrale.ch\/wp-content\/uploads\/2021\/09\/C_lune_face.jpg","width":1080,"height":1080},{"@type":"BreadcrumbList","@id":"https:\/\/astrale.ch\/index.php\/produit\/collier-lune\/#breadcrumb","itemListElement":[{"@type":"ListItem","position":1,"name":"Home","item":"https:\/\/astrale.ch\/"},{"@type":"ListItem","position":2,"name":"Boutique","item":"https:\/\/astrale.ch\/index.php\/boutique\/"},{"@type":"ListItem","position":3,"name":"Collier lune"}]},{"@type":"WebSite","@id":"https:\/\/astrale.ch\/#website","url":"https:\/\/astrale.ch\/","name":"Astrale - Meet your stars","description":"Meet your stars","publisher":{"@id":"https:\/\/astrale.ch\/#organization"},"potentialAction":[{"@type":"SearchAction","target":{"@type":"EntryPoint","urlTemplate":"https:\/\/astrale.ch\/?s={search_term_string}"},"query-input":{"@type":"PropertyValueSpecification","valueRequired":true,"valueName":"search_term_string"}}],"inLanguage":"fr-FR"},{"@type":"Organization","@id":"https:\/\/astrale.ch\/#organization","name":"Astrale.ch","url":"https:\/\/astrale.ch\/","logo":{"@type":"ImageObject","inLanguage":"fr-FR","@id":"https:\/\/astrale.ch\/#\/schema\/logo\/image\/","url":"https:\/\/astrale.ch\/wp-content\/uploads\/2021\/06\/logo_astrale_complet.png","contentUrl":"https:\/\/astrale.ch\/wp-content\/uploads\/2021\/06\/logo_astrale_complet.png","width":221,"height":342,"caption":"Astrale.ch"},"image":{"@id":"https:\/\/astrale.ch\/#\/schema\/logo\/image\/"}}]}},"_links":{"self":[{"href":"https:\/\/astrale.ch\/index.php\/wp-json\/wp\/v2\/product\/146","targetHints":{"allow":["GET"]}}],"collection":[{"href":"https:\/\/astrale.ch\/index.php\/wp-json\/wp\/v2\/product"}],"about":[{"href":"https:\/\/astrale.ch\/index.php\/wp-json\/wp\/v2\/types\/product"}],"replies":[{"embeddable":true,"href":"https:\/\/astrale.ch\/index.php\/wp-json\/wp\/v2\/comments?post=146"}],"wp:featuredmedia":[{"embeddable":true,"href":"https:\/\/astrale.ch\/index.php\/wp-json\/wp\/v2\/media\/289"}],"wp:attachment":[{"href":"https:\/\/astrale.ch\/index.php\/wp-json\/wp\/v2\/media?parent=146"}],"wp:term":[{"taxonomy":"product_cat","embeddable":true,"href":"https:\/\/astrale.ch\/index.php\/wp-json\/wp\/v2\/product_cat?post=146"},{"taxonomy":"product_tag","embeddable":true,"href":"https:\/\/astrale.ch\/index.php\/wp-json\/wp\/v2\/product_tag?post=146"}],"curies":[{"name":"wp","href":"https:\/\/api.w.org\/{rel}","templated":true}]}}