{"id":79,"date":"2021-06-30T16:36:27","date_gmt":"2021-06-30T14:36:27","guid":{"rendered":"https:\/\/astrale.ch\/?page_id=79"},"modified":"2024-04-09T17:13:02","modified_gmt":"2024-04-09T15:13:02","slug":"contactez-nous","status":"publish","type":"page","link":"https:\/\/astrale.ch\/index.php\/contactez-nous\/","title":{"rendered":"Contactez-nous !"},"content":{"rendered":"\t\t<div data-elementor-type=\"wp-page\" data-elementor-id=\"79\" class=\"elementor elementor-79\">\n\t\t\t\t\t\t<section class=\"elementor-section elementor-top-section elementor-element elementor-element-302bff4 elementor-section-boxed elementor-section-height-default elementor-section-height-default\" data-id=\"302bff4\" data-element_type=\"section\">\n\t\t\t\t\t\t<div class=\"elementor-container elementor-column-gap-default\">\n\t\t\t\t\t<div class=\"elementor-column elementor-col-100 elementor-top-column elementor-element elementor-element-058e1a2\" data-id=\"058e1a2\" data-element_type=\"column\">\n\t\t\t<div class=\"elementor-widget-wrap elementor-element-populated\">\n\t\t\t\t\t\t<div class=\"elementor-element elementor-element-e05db30 elementor-widget elementor-widget-text-editor\" data-id=\"e05db30\" data-element_type=\"widget\" data-widget_type=\"text-editor.default\">\n\t\t\t\t<div class=\"elementor-widget-container\">\n\t\t\t\t\t\t\t<p>Une question ? Une id\u00e9e ? N&rsquo;h\u00e9sitez pas, nous sommes toujours \u00e0 votre \u00e9coute !<\/p>\t\t\t\t\t\t<\/div>\n\t\t\t\t<\/div>\n\t\t\t\t<div class=\"elementor-element elementor-element-f9564c1 elementor-widget elementor-widget-shortcode\" data-id=\"f9564c1\" data-element_type=\"widget\" data-widget_type=\"shortcode.default\">\n\t\t\t\t<div class=\"elementor-widget-container\">\n\t\t\t\t\t<div class=\"elementor-shortcode\">\n<div class=\"wpcf7 no-js\" id=\"wpcf7-f545-o1\" lang=\"en-GB\" dir=\"ltr\">\n<div class=\"screen-reader-response\"><p role=\"status\" aria-live=\"polite\" aria-atomic=\"true\"><\/p> <ul><\/ul><\/div>\n<form action=\"\/index.php\/wp-json\/wp\/v2\/pages\/79#wpcf7-f545-o1\" method=\"post\" class=\"wpcf7-form init\" aria-label=\"Contact form\" novalidate=\"novalidate\" data-status=\"init\">\n<div style=\"display: none;\">\n<input type=\"hidden\" name=\"_wpcf7\" value=\"545\" \/>\n<input type=\"hidden\" name=\"_wpcf7_version\" value=\"5.9.3\" \/>\n<input type=\"hidden\" name=\"_wpcf7_locale\" value=\"en_GB\" \/>\n<input type=\"hidden\" name=\"_wpcf7_unit_tag\" value=\"wpcf7-f545-o1\" \/>\n<input type=\"hidden\" name=\"_wpcf7_container_post\" value=\"0\" \/>\n<input type=\"hidden\" name=\"_wpcf7_posted_data_hash\" value=\"\" \/>\n<\/div>\n<p><label> Nom<br \/>\n<span class=\"wpcf7-form-control-wrap\" data-name=\"your-name\"><input size=\"40\" class=\"wpcf7-form-control wpcf7-text wpcf7-validates-as-required\" aria-required=\"true\" aria-invalid=\"false\" value=\"\" type=\"text\" name=\"your-name\" \/><\/span> <\/label>\n<\/p>\n<p><label> Pr\u00e9nom<br \/>\n<span class=\"wpcf7-form-control-wrap\" data-name=\"your-firstname\"><input size=\"40\" class=\"wpcf7-form-control wpcf7-text wpcf7-validates-as-required\" aria-required=\"true\" aria-invalid=\"false\" value=\"\" type=\"text\" name=\"your-firstname\" \/><\/span> <\/label>\n<\/p>\n<p><label> Email<br \/>\n<span class=\"wpcf7-form-control-wrap\" data-name=\"your-email\"><input size=\"40\" class=\"wpcf7-form-control wpcf7-email wpcf7-validates-as-required wpcf7-text wpcf7-validates-as-email\" aria-required=\"true\" aria-invalid=\"false\" value=\"\" type=\"email\" name=\"your-email\" \/><\/span> <\/label>\n<\/p>\n<p><label> Sujet<br \/>\n<span class=\"wpcf7-form-control-wrap\" data-name=\"your-subject\"><input size=\"40\" class=\"wpcf7-form-control wpcf7-text wpcf7-validates-as-required\" aria-required=\"true\" aria-invalid=\"false\" value=\"\" type=\"text\" name=\"your-subject\" \/><\/span> <\/label>\n<\/p>\n<p><label> Message (optionel)<br \/>\n<span class=\"wpcf7-form-control-wrap\" data-name=\"your-message\"><textarea cols=\"40\" rows=\"10\" class=\"wpcf7-form-control wpcf7-textarea\" aria-invalid=\"false\" name=\"your-message\"><\/textarea><\/span> <\/label>\n<\/p>\n<p><span id=\"wpcf7-69d5f630f169e-wrapper\" class=\"wpcf7-form-control-wrap website-626-wrap\" style=\"display:none !important; visibility:hidden !important;\"><label for=\"wpcf7-69d5f630f169e-field\" class=\"hp-message\">Please leave this field empty.<\/label><input id=\"wpcf7-69d5f630f169e-field\"  class=\"wpcf7-form-control wpcf7-text\" type=\"text\" name=\"website-626\" value=\"\" size=\"40\" tabindex=\"-1\" autocomplete=\"new-password\" \/><\/span>\n<\/p>\n<p><input class=\"wpcf7-form-control wpcf7-submit has-spinner\" type=\"submit\" value=\"Envoyez !\" \/>\n<\/p><div class=\"wpcf7-response-output\" aria-hidden=\"true\"><\/div>\n<\/form>\n<\/div>\n<\/div>\n\t\t\t\t<\/div>\n\t\t\t\t<\/div>\n\t\t\t\t\t<\/div>\n\t\t<\/div>\n\t\t\t\t\t<\/div>\n\t\t<\/section>\n\t\t\t\t<\/div>\n\t\t","protected":false},"excerpt":{"rendered":"<p>Une question ? Une id\u00e9e ? N&rsquo;h\u00e9sitez pas, nous sommes toujours \u00e0 votre \u00e9coute !<\/p>\n","protected":false},"author":1,"featured_media":0,"parent":0,"menu_order":0,"comment_status":"closed","ping_status":"closed","template":"","meta":{"footnotes":""},"class_list":["post-79","page","type-page","status-publish","hentry"],"yoast_head":"<!-- This site is optimized with the Yoast SEO plugin v27.3 - https:\/\/yoast.com\/product\/yoast-seo-wordpress\/ -->\n<title>Contactez-nous ! &#8211; Astrale<\/title>\n<meta name=\"robots\" content=\"index, follow, max-snippet:-1, max-image-preview:large, max-video-preview:-1\" \/>\n<link rel=\"canonical\" href=\"https:\/\/astrale.ch\/index.php\/contactez-nous\/\" \/>\n<meta property=\"og:locale\" content=\"fr_FR\" \/>\n<meta property=\"og:type\" content=\"article\" \/>\n<meta property=\"og:title\" content=\"Contactez-nous ! &#8211; Astrale\" \/>\n<meta property=\"og:description\" content=\"Une question ? Une id\u00e9e ? N&rsquo;h\u00e9sitez pas, nous sommes toujours \u00e0 votre \u00e9coute !\" \/>\n<meta property=\"og:url\" content=\"https:\/\/astrale.ch\/index.php\/contactez-nous\/\" \/>\n<meta property=\"og:site_name\" content=\"Astrale\" \/>\n<meta property=\"article:modified_time\" content=\"2024-04-09T15:13:02+00:00\" \/>\n<meta name=\"twitter:card\" content=\"summary_large_image\" \/>\n<meta name=\"twitter:label1\" content=\"Dur\u00e9e de lecture estim\u00e9e\" \/>\n\t<meta name=\"twitter:data1\" content=\"1 minute\" \/>\n<script type=\"application\/ld+json\" class=\"yoast-schema-graph\">{\"@context\":\"https:\\\/\\\/schema.org\",\"@graph\":[{\"@type\":\"WebPage\",\"@id\":\"https:\\\/\\\/astrale.ch\\\/index.php\\\/contactez-nous\\\/\",\"url\":\"https:\\\/\\\/astrale.ch\\\/index.php\\\/contactez-nous\\\/\",\"name\":\"Contactez-nous ! &#8211; Astrale\",\"isPartOf\":{\"@id\":\"https:\\\/\\\/astrale.ch\\\/#website\"},\"datePublished\":\"2021-06-30T14:36:27+00:00\",\"dateModified\":\"2024-04-09T15:13:02+00:00\",\"breadcrumb\":{\"@id\":\"https:\\\/\\\/astrale.ch\\\/index.php\\\/contactez-nous\\\/#breadcrumb\"},\"inLanguage\":\"fr-FR\",\"potentialAction\":[{\"@type\":\"ReadAction\",\"target\":[\"https:\\\/\\\/astrale.ch\\\/index.php\\\/contactez-nous\\\/\"]}]},{\"@type\":\"BreadcrumbList\",\"@id\":\"https:\\\/\\\/astrale.ch\\\/index.php\\\/contactez-nous\\\/#breadcrumb\",\"itemListElement\":[{\"@type\":\"ListItem\",\"position\":1,\"name\":\"Home\",\"item\":\"https:\\\/\\\/astrale.ch\\\/\"},{\"@type\":\"ListItem\",\"position\":2,\"name\":\"Contactez-nous !\"}]},{\"@type\":\"WebSite\",\"@id\":\"https:\\\/\\\/astrale.ch\\\/#website\",\"url\":\"https:\\\/\\\/astrale.ch\\\/\",\"name\":\"Astrale - Meet your stars\",\"description\":\"Meet your stars\",\"publisher\":{\"@id\":\"https:\\\/\\\/astrale.ch\\\/#organization\"},\"potentialAction\":[{\"@type\":\"SearchAction\",\"target\":{\"@type\":\"EntryPoint\",\"urlTemplate\":\"https:\\\/\\\/astrale.ch\\\/?s={search_term_string}\"},\"query-input\":{\"@type\":\"PropertyValueSpecification\",\"valueRequired\":true,\"valueName\":\"search_term_string\"}}],\"inLanguage\":\"fr-FR\"},{\"@type\":\"Organization\",\"@id\":\"https:\\\/\\\/astrale.ch\\\/#organization\",\"name\":\"Astrale.ch\",\"url\":\"https:\\\/\\\/astrale.ch\\\/\",\"logo\":{\"@type\":\"ImageObject\",\"inLanguage\":\"fr-FR\",\"@id\":\"https:\\\/\\\/astrale.ch\\\/#\\\/schema\\\/logo\\\/image\\\/\",\"url\":\"https:\\\/\\\/astrale.ch\\\/wp-content\\\/uploads\\\/2021\\\/06\\\/logo_astrale_complet.png\",\"contentUrl\":\"https:\\\/\\\/astrale.ch\\\/wp-content\\\/uploads\\\/2021\\\/06\\\/logo_astrale_complet.png\",\"width\":221,\"height\":342,\"caption\":\"Astrale.ch\"},\"image\":{\"@id\":\"https:\\\/\\\/astrale.ch\\\/#\\\/schema\\\/logo\\\/image\\\/\"}}]}<\/script>\n<!-- \/ Yoast SEO plugin. -->","yoast_head_json":{"title":"Contactez-nous ! &#8211; Astrale","robots":{"index":"index","follow":"follow","max-snippet":"max-snippet:-1","max-image-preview":"max-image-preview:large","max-video-preview":"max-video-preview:-1"},"canonical":"https:\/\/astrale.ch\/index.php\/contactez-nous\/","og_locale":"fr_FR","og_type":"article","og_title":"Contactez-nous ! &#8211; Astrale","og_description":"Une question ? Une id\u00e9e ? N&rsquo;h\u00e9sitez pas, nous sommes toujours \u00e0 votre \u00e9coute !","og_url":"https:\/\/astrale.ch\/index.php\/contactez-nous\/","og_site_name":"Astrale","article_modified_time":"2024-04-09T15:13:02+00:00","twitter_card":"summary_large_image","twitter_misc":{"Dur\u00e9e de lecture estim\u00e9e":"1 minute"},"schema":{"@context":"https:\/\/schema.org","@graph":[{"@type":"WebPage","@id":"https:\/\/astrale.ch\/index.php\/contactez-nous\/","url":"https:\/\/astrale.ch\/index.php\/contactez-nous\/","name":"Contactez-nous ! &#8211; Astrale","isPartOf":{"@id":"https:\/\/astrale.ch\/#website"},"datePublished":"2021-06-30T14:36:27+00:00","dateModified":"2024-04-09T15:13:02+00:00","breadcrumb":{"@id":"https:\/\/astrale.ch\/index.php\/contactez-nous\/#breadcrumb"},"inLanguage":"fr-FR","potentialAction":[{"@type":"ReadAction","target":["https:\/\/astrale.ch\/index.php\/contactez-nous\/"]}]},{"@type":"BreadcrumbList","@id":"https:\/\/astrale.ch\/index.php\/contactez-nous\/#breadcrumb","itemListElement":[{"@type":"ListItem","position":1,"name":"Home","item":"https:\/\/astrale.ch\/"},{"@type":"ListItem","position":2,"name":"Contactez-nous !"}]},{"@type":"WebSite","@id":"https:\/\/astrale.ch\/#website","url":"https:\/\/astrale.ch\/","name":"Astrale - Meet your stars","description":"Meet your stars","publisher":{"@id":"https:\/\/astrale.ch\/#organization"},"potentialAction":[{"@type":"SearchAction","target":{"@type":"EntryPoint","urlTemplate":"https:\/\/astrale.ch\/?s={search_term_string}"},"query-input":{"@type":"PropertyValueSpecification","valueRequired":true,"valueName":"search_term_string"}}],"inLanguage":"fr-FR"},{"@type":"Organization","@id":"https:\/\/astrale.ch\/#organization","name":"Astrale.ch","url":"https:\/\/astrale.ch\/","logo":{"@type":"ImageObject","inLanguage":"fr-FR","@id":"https:\/\/astrale.ch\/#\/schema\/logo\/image\/","url":"https:\/\/astrale.ch\/wp-content\/uploads\/2021\/06\/logo_astrale_complet.png","contentUrl":"https:\/\/astrale.ch\/wp-content\/uploads\/2021\/06\/logo_astrale_complet.png","width":221,"height":342,"caption":"Astrale.ch"},"image":{"@id":"https:\/\/astrale.ch\/#\/schema\/logo\/image\/"}}]}},"_links":{"self":[{"href":"https:\/\/astrale.ch\/index.php\/wp-json\/wp\/v2\/pages\/79","targetHints":{"allow":["GET"]}}],"collection":[{"href":"https:\/\/astrale.ch\/index.php\/wp-json\/wp\/v2\/pages"}],"about":[{"href":"https:\/\/astrale.ch\/index.php\/wp-json\/wp\/v2\/types\/page"}],"author":[{"embeddable":true,"href":"https:\/\/astrale.ch\/index.php\/wp-json\/wp\/v2\/users\/1"}],"replies":[{"embeddable":true,"href":"https:\/\/astrale.ch\/index.php\/wp-json\/wp\/v2\/comments?post=79"}],"version-history":[{"count":14,"href":"https:\/\/astrale.ch\/index.php\/wp-json\/wp\/v2\/pages\/79\/revisions"}],"predecessor-version":[{"id":642,"href":"https:\/\/astrale.ch\/index.php\/wp-json\/wp\/v2\/pages\/79\/revisions\/642"}],"wp:attachment":[{"href":"https:\/\/astrale.ch\/index.php\/wp-json\/wp\/v2\/media?parent=79"}],"curies":[{"name":"wp","href":"https:\/\/api.w.org\/{rel}","templated":true}]}}