{"id":480,"date":"2021-09-09T15:43:11","date_gmt":"2021-09-09T13:43:11","guid":{"rendered":"https:\/\/astrale.ch\/?page_id=480"},"modified":"2024-04-12T22:23:55","modified_gmt":"2024-04-12T20:23:55","slug":"art","status":"publish","type":"page","link":"https:\/\/astrale.ch\/index.php\/art\/","title":{"rendered":"Art"},"content":{"rendered":"\n<p class=\"has-text-align-center has-huge-font-size\"><span style=\"background-color:rgba(0, 0, 0, 0);color:#000088\" class=\"has-inline-color\">Th\u00e8mes astraux personnalis\u00e9s<\/span><\/p>\n\n\n<div data-block-name=\"woocommerce\/product-tag\" data-columns=\"1\" data-tags=\"[32]\" data-tag-operator=\"all\" class=\"wc-block-grid wp-block-product-tag wc-block-product-tag has-1-columns has-multiple-rows\"><ul class=\"wc-block-grid__products\"><li class=\"wc-block-grid__product\">\n\t\t\t\t<a href=\"https:\/\/astrale.ch\/index.php\/produit\/theme-astral-personnalise\/\" class=\"wc-block-grid__product-link\">\n\t\t\t\t\t\n\t\t\t\t\t<div class=\"wc-block-grid__product-image\"><img fetchpriority=\"high\" decoding=\"async\" width=\"324\" height=\"324\" src=\"https:\/\/astrale.ch\/wp-content\/uploads\/2024\/02\/ac_emma_mw-324x324.png\" class=\"attachment-woocommerce_thumbnail size-woocommerce_thumbnail\" alt=\"Th\u00e8me astral personnalis\u00e9\" srcset=\"https:\/\/astrale.ch\/wp-content\/uploads\/2024\/02\/ac_emma_mw-324x324.png 324w, https:\/\/astrale.ch\/wp-content\/uploads\/2024\/02\/ac_emma_mw-150x150.png 150w, https:\/\/astrale.ch\/wp-content\/uploads\/2024\/02\/ac_emma_mw-100x100.png 100w\" sizes=\"(max-width: 324px) 100vw, 324px\" \/><\/div>\n\t\t\t\t\t<div class=\"wc-block-grid__product-title\">Th\u00e8me astral personnalis\u00e9<\/div>\n\t\t\t\t<\/a>\n\t\t\t\t<div class=\"wc-block-grid__product-price price\"><span class=\"woocommerce-Price-amount amount\"><span class=\"woocommerce-Price-currencySymbol\">&#067;&#072;&#070;<\/span>&nbsp;140.00<\/span> <small class=\"woocommerce-price-suffix\">incl. Vat<\/small><\/div>\n\t\t\t\t\n\t\t\t\t<div class=\"wp-block-button wc-block-grid__product-add-to-cart\"><a href=\"https:\/\/astrale.ch\/index.php\/produit\/theme-astral-personnalise\/\" aria-label=\"Select options for &ldquo;Th\u00e8me astral personnalis\u00e9&rdquo;\" data-quantity=\"1\" data-product_id=\"139\" data-product_sku=\"\" data-price=\"140\" rel=\"nofollow\" class=\"wp-block-button__link  add_to_cart_button\">Select options<\/a><\/div>\n\t\t\t<\/li><\/ul><\/div>\n\n\n<p class=\"has-text-align-center has-huge-font-size\"><span style=\"background-color:rgba(0, 0, 0, 0);color:#000088\" class=\"has-inline-color\">Cadres<\/span><\/p>\n\n\n<div data-block-name=\"woocommerce\/product-tag\" data-columns=\"2\" data-tags=\"[48]\" data-tag-operator=\"all\" class=\"wc-block-grid wp-block-product-tag wc-block-product-tag has-2-columns has-multiple-rows\"><ul class=\"wc-block-grid__products\"><li class=\"wc-block-grid__product\">\n\t\t\t\t<a href=\"https:\/\/astrale.ch\/index.php\/produit\/poeme-lune-encadre\/\" class=\"wc-block-grid__product-link\">\n\t\t\t\t\t\n\t\t\t\t\t<div class=\"wc-block-grid__product-image\"><img decoding=\"async\" width=\"324\" height=\"324\" src=\"https:\/\/astrale.ch\/wp-content\/uploads\/2021\/07\/P9110155-324x324.jpg\" class=\"attachment-woocommerce_thumbnail size-woocommerce_thumbnail\" alt=\"Po\u00e8me lune encadr\u00e9\" srcset=\"https:\/\/astrale.ch\/wp-content\/uploads\/2021\/07\/P9110155-324x324.jpg 324w, https:\/\/astrale.ch\/wp-content\/uploads\/2021\/07\/P9110155-300x300.jpg 300w, https:\/\/astrale.ch\/wp-content\/uploads\/2021\/07\/P9110155-1024x1024.jpg 1024w, https:\/\/astrale.ch\/wp-content\/uploads\/2021\/07\/P9110155-150x150.jpg 150w, https:\/\/astrale.ch\/wp-content\/uploads\/2021\/07\/P9110155-768x768.jpg 768w, https:\/\/astrale.ch\/wp-content\/uploads\/2021\/07\/P9110155-416x416.jpg 416w, https:\/\/astrale.ch\/wp-content\/uploads\/2021\/07\/P9110155-100x100.jpg 100w, https:\/\/astrale.ch\/wp-content\/uploads\/2021\/07\/P9110155.jpg 1080w\" sizes=\"(max-width: 324px) 100vw, 324px\" \/><\/div>\n\t\t\t\t\t<div class=\"wc-block-grid__product-title\">Po\u00e8me lune encadr\u00e9<\/div>\n\t\t\t\t<\/a>\n\t\t\t\t<div class=\"wc-block-grid__product-price price\"><span class=\"woocommerce-Price-amount amount\"><span class=\"woocommerce-Price-currencySymbol\">&#067;&#072;&#070;<\/span>&nbsp;60.00<\/span> <small class=\"woocommerce-price-suffix\">incl. Vat<\/small><\/div>\n\t\t\t\t\n\t\t\t\t<div class=\"wp-block-button wc-block-grid__product-add-to-cart\"><a href=\"https:\/\/astrale.ch\/index.php\/produit\/poeme-lune-encadre\/\" aria-label=\"Select options for &ldquo;Po\u00e8me lune encadr\u00e9&rdquo;\" data-quantity=\"1\" data-product_id=\"519\" data-product_sku=\"\" data-price=\"60\" rel=\"nofollow\" class=\"wp-block-button__link  add_to_cart_button\">Select options<\/a><\/div>\n\t\t\t<\/li><li class=\"wc-block-grid__product\">\n\t\t\t\t<a href=\"https:\/\/astrale.ch\/index.php\/produit\/cadre-lune-moon\/\" class=\"wc-block-grid__product-link\">\n\t\t\t\t\t\n\t\t\t\t\t<div class=\"wc-block-grid__product-image\"><img decoding=\"async\" width=\"324\" height=\"324\" src=\"https:\/\/astrale.ch\/wp-content\/uploads\/2021\/07\/P9110151_03-324x324.jpg\" class=\"attachment-woocommerce_thumbnail size-woocommerce_thumbnail\" alt=\"Cadre lune MOON\" srcset=\"https:\/\/astrale.ch\/wp-content\/uploads\/2021\/07\/P9110151_03-324x324.jpg 324w, https:\/\/astrale.ch\/wp-content\/uploads\/2021\/07\/P9110151_03-300x300.jpg 300w, https:\/\/astrale.ch\/wp-content\/uploads\/2021\/07\/P9110151_03-1024x1024.jpg 1024w, https:\/\/astrale.ch\/wp-content\/uploads\/2021\/07\/P9110151_03-150x150.jpg 150w, https:\/\/astrale.ch\/wp-content\/uploads\/2021\/07\/P9110151_03-768x768.jpg 768w, https:\/\/astrale.ch\/wp-content\/uploads\/2021\/07\/P9110151_03-416x416.jpg 416w, https:\/\/astrale.ch\/wp-content\/uploads\/2021\/07\/P9110151_03-100x100.jpg 100w, https:\/\/astrale.ch\/wp-content\/uploads\/2021\/07\/P9110151_03.jpg 1080w\" sizes=\"(max-width: 324px) 100vw, 324px\" \/><\/div>\n\t\t\t\t\t<div class=\"wc-block-grid__product-title\">Cadre lune MOON<\/div>\n\t\t\t\t<\/a>\n\t\t\t\t<div class=\"wc-block-grid__product-price price\"><span class=\"woocommerce-Price-amount amount\"><span class=\"woocommerce-Price-currencySymbol\">&#067;&#072;&#070;<\/span>&nbsp;60.00<\/span> <small class=\"woocommerce-price-suffix\">incl. Vat<\/small><\/div>\n\t\t\t\t\n\t\t\t\t<div class=\"wp-block-button wc-block-grid__product-add-to-cart\"><a href=\"https:\/\/astrale.ch\/index.php\/produit\/cadre-lune-moon\/\" aria-label=\"Select options for &ldquo;Cadre lune MOON&rdquo;\" data-quantity=\"1\" data-product_id=\"515\" data-product_sku=\"\" data-price=\"60\" rel=\"nofollow\" class=\"wp-block-button__link  add_to_cart_button\">Select options<\/a><\/div>\n\t\t\t<\/li><\/ul><\/div>\n\n\n<p class=\"has-text-align-center has-huge-font-size\"><span style=\"background-color:rgba(0, 0, 0, 0);color:#000088\" class=\"has-inline-color\">Cartes \u00e0 l&rsquo;aquarelle<\/span><\/p>\n\n\n<div data-block-name=\"woocommerce\/product-tag\" data-columns=\"1\" data-tags=\"[52]\" data-tag-operator=\"all\" class=\"wc-block-grid wp-block-product-tag wc-block-product-tag has-1-columns has-multiple-rows\"><ul class=\"wc-block-grid__products\"><li class=\"wc-block-grid__product\">\n\t\t\t\t<a href=\"https:\/\/astrale.ch\/index.php\/produit\/carte-zodiaque-aquarelle\/\" class=\"wc-block-grid__product-link\">\n\t\t\t\t\t\n\t\t\t\t\t<div class=\"wc-block-grid__product-image\"><img loading=\"lazy\" decoding=\"async\" width=\"324\" height=\"324\" src=\"https:\/\/astrale.ch\/wp-content\/uploads\/2024\/04\/IMG_20240411_153019-1-324x324.jpg\" class=\"attachment-woocommerce_thumbnail size-woocommerce_thumbnail\" alt=\"Carte Zodiaque Aquarelle\" srcset=\"https:\/\/astrale.ch\/wp-content\/uploads\/2024\/04\/IMG_20240411_153019-1-324x324.jpg 324w, https:\/\/astrale.ch\/wp-content\/uploads\/2024\/04\/IMG_20240411_153019-1-150x150.jpg 150w, https:\/\/astrale.ch\/wp-content\/uploads\/2024\/04\/IMG_20240411_153019-1-100x100.jpg 100w\" sizes=\"(max-width: 324px) 100vw, 324px\" \/><\/div>\n\t\t\t\t\t<div class=\"wc-block-grid__product-title\">Carte Zodiaque Aquarelle<\/div>\n\t\t\t\t<\/a>\n\t\t\t\t<div class=\"wc-block-grid__product-price price\"><span class=\"woocommerce-Price-amount amount\"><span class=\"woocommerce-Price-currencySymbol\">&#067;&#072;&#070;<\/span>&nbsp;12.00<\/span> <small class=\"woocommerce-price-suffix\">incl. Vat<\/small><\/div>\n\t\t\t\t\n\t\t\t\t<div class=\"wp-block-button wc-block-grid__product-add-to-cart\"><a href=\"https:\/\/astrale.ch\/index.php\/produit\/carte-zodiaque-aquarelle\/\" aria-label=\"Select options for &ldquo;Carte Zodiaque Aquarelle&rdquo;\" data-quantity=\"1\" data-product_id=\"712\" data-product_sku=\"\" data-price=\"12\" rel=\"nofollow\" class=\"wp-block-button__link  add_to_cart_button\">Select options<\/a><\/div>\n\t\t\t<\/li><\/ul><\/div>\n\n\n<p><\/p>\n","protected":false},"excerpt":{"rendered":"<p>Th\u00e8mes astraux personnalis\u00e9s Cadres Cartes \u00e0 l&rsquo;aquarelle<\/p>\n","protected":false},"author":1,"featured_media":0,"parent":0,"menu_order":0,"comment_status":"closed","ping_status":"closed","template":"","meta":{"footnotes":""},"class_list":["post-480","page","type-page","status-publish","hentry"],"yoast_head":"<!-- This site is optimized with the Yoast SEO plugin v27.3 - https:\/\/yoast.com\/product\/yoast-seo-wordpress\/ -->\n<title>Art &#8211; Astrale<\/title>\n<meta name=\"robots\" content=\"index, follow, max-snippet:-1, max-image-preview:large, max-video-preview:-1\" \/>\n<link rel=\"canonical\" href=\"https:\/\/astrale.ch\/index.php\/art\/\" \/>\n<meta property=\"og:locale\" content=\"fr_FR\" \/>\n<meta property=\"og:type\" content=\"article\" \/>\n<meta property=\"og:title\" content=\"Art &#8211; Astrale\" \/>\n<meta property=\"og:description\" content=\"Th\u00e8mes astraux personnalis\u00e9s Cadres Cartes \u00e0 l&rsquo;aquarelle\" \/>\n<meta property=\"og:url\" content=\"https:\/\/astrale.ch\/index.php\/art\/\" \/>\n<meta property=\"og:site_name\" content=\"Astrale\" \/>\n<meta property=\"article:modified_time\" content=\"2024-04-12T20:23:55+00:00\" \/>\n<meta name=\"twitter:card\" content=\"summary_large_image\" \/>\n<meta name=\"twitter:label1\" content=\"Dur\u00e9e de lecture estim\u00e9e\" \/>\n\t<meta name=\"twitter:data1\" content=\"1 minute\" \/>\n<script type=\"application\/ld+json\" class=\"yoast-schema-graph\">{\"@context\":\"https:\\\/\\\/schema.org\",\"@graph\":[{\"@type\":\"WebPage\",\"@id\":\"https:\\\/\\\/astrale.ch\\\/index.php\\\/art\\\/\",\"url\":\"https:\\\/\\\/astrale.ch\\\/index.php\\\/art\\\/\",\"name\":\"Art &#8211; Astrale\",\"isPartOf\":{\"@id\":\"https:\\\/\\\/astrale.ch\\\/#website\"},\"datePublished\":\"2021-09-09T13:43:11+00:00\",\"dateModified\":\"2024-04-12T20:23:55+00:00\",\"breadcrumb\":{\"@id\":\"https:\\\/\\\/astrale.ch\\\/index.php\\\/art\\\/#breadcrumb\"},\"inLanguage\":\"fr-FR\",\"potentialAction\":[{\"@type\":\"ReadAction\",\"target\":[\"https:\\\/\\\/astrale.ch\\\/index.php\\\/art\\\/\"]}]},{\"@type\":\"BreadcrumbList\",\"@id\":\"https:\\\/\\\/astrale.ch\\\/index.php\\\/art\\\/#breadcrumb\",\"itemListElement\":[{\"@type\":\"ListItem\",\"position\":1,\"name\":\"Home\",\"item\":\"https:\\\/\\\/astrale.ch\\\/\"},{\"@type\":\"ListItem\",\"position\":2,\"name\":\"Art\"}]},{\"@type\":\"WebSite\",\"@id\":\"https:\\\/\\\/astrale.ch\\\/#website\",\"url\":\"https:\\\/\\\/astrale.ch\\\/\",\"name\":\"Astrale - Meet your stars\",\"description\":\"Meet your stars\",\"publisher\":{\"@id\":\"https:\\\/\\\/astrale.ch\\\/#organization\"},\"potentialAction\":[{\"@type\":\"SearchAction\",\"target\":{\"@type\":\"EntryPoint\",\"urlTemplate\":\"https:\\\/\\\/astrale.ch\\\/?s={search_term_string}\"},\"query-input\":{\"@type\":\"PropertyValueSpecification\",\"valueRequired\":true,\"valueName\":\"search_term_string\"}}],\"inLanguage\":\"fr-FR\"},{\"@type\":\"Organization\",\"@id\":\"https:\\\/\\\/astrale.ch\\\/#organization\",\"name\":\"Astrale.ch\",\"url\":\"https:\\\/\\\/astrale.ch\\\/\",\"logo\":{\"@type\":\"ImageObject\",\"inLanguage\":\"fr-FR\",\"@id\":\"https:\\\/\\\/astrale.ch\\\/#\\\/schema\\\/logo\\\/image\\\/\",\"url\":\"https:\\\/\\\/astrale.ch\\\/wp-content\\\/uploads\\\/2021\\\/06\\\/logo_astrale_complet.png\",\"contentUrl\":\"https:\\\/\\\/astrale.ch\\\/wp-content\\\/uploads\\\/2021\\\/06\\\/logo_astrale_complet.png\",\"width\":221,\"height\":342,\"caption\":\"Astrale.ch\"},\"image\":{\"@id\":\"https:\\\/\\\/astrale.ch\\\/#\\\/schema\\\/logo\\\/image\\\/\"}}]}<\/script>\n<!-- \/ Yoast SEO plugin. -->","yoast_head_json":{"title":"Art &#8211; Astrale","robots":{"index":"index","follow":"follow","max-snippet":"max-snippet:-1","max-image-preview":"max-image-preview:large","max-video-preview":"max-video-preview:-1"},"canonical":"https:\/\/astrale.ch\/index.php\/art\/","og_locale":"fr_FR","og_type":"article","og_title":"Art &#8211; Astrale","og_description":"Th\u00e8mes astraux personnalis\u00e9s Cadres Cartes \u00e0 l&rsquo;aquarelle","og_url":"https:\/\/astrale.ch\/index.php\/art\/","og_site_name":"Astrale","article_modified_time":"2024-04-12T20:23:55+00:00","twitter_card":"summary_large_image","twitter_misc":{"Dur\u00e9e de lecture estim\u00e9e":"1 minute"},"schema":{"@context":"https:\/\/schema.org","@graph":[{"@type":"WebPage","@id":"https:\/\/astrale.ch\/index.php\/art\/","url":"https:\/\/astrale.ch\/index.php\/art\/","name":"Art &#8211; Astrale","isPartOf":{"@id":"https:\/\/astrale.ch\/#website"},"datePublished":"2021-09-09T13:43:11+00:00","dateModified":"2024-04-12T20:23:55+00:00","breadcrumb":{"@id":"https:\/\/astrale.ch\/index.php\/art\/#breadcrumb"},"inLanguage":"fr-FR","potentialAction":[{"@type":"ReadAction","target":["https:\/\/astrale.ch\/index.php\/art\/"]}]},{"@type":"BreadcrumbList","@id":"https:\/\/astrale.ch\/index.php\/art\/#breadcrumb","itemListElement":[{"@type":"ListItem","position":1,"name":"Home","item":"https:\/\/astrale.ch\/"},{"@type":"ListItem","position":2,"name":"Art"}]},{"@type":"WebSite","@id":"https:\/\/astrale.ch\/#website","url":"https:\/\/astrale.ch\/","name":"Astrale - Meet your stars","description":"Meet your stars","publisher":{"@id":"https:\/\/astrale.ch\/#organization"},"potentialAction":[{"@type":"SearchAction","target":{"@type":"EntryPoint","urlTemplate":"https:\/\/astrale.ch\/?s={search_term_string}"},"query-input":{"@type":"PropertyValueSpecification","valueRequired":true,"valueName":"search_term_string"}}],"inLanguage":"fr-FR"},{"@type":"Organization","@id":"https:\/\/astrale.ch\/#organization","name":"Astrale.ch","url":"https:\/\/astrale.ch\/","logo":{"@type":"ImageObject","inLanguage":"fr-FR","@id":"https:\/\/astrale.ch\/#\/schema\/logo\/image\/","url":"https:\/\/astrale.ch\/wp-content\/uploads\/2021\/06\/logo_astrale_complet.png","contentUrl":"https:\/\/astrale.ch\/wp-content\/uploads\/2021\/06\/logo_astrale_complet.png","width":221,"height":342,"caption":"Astrale.ch"},"image":{"@id":"https:\/\/astrale.ch\/#\/schema\/logo\/image\/"}}]}},"_links":{"self":[{"href":"https:\/\/astrale.ch\/index.php\/wp-json\/wp\/v2\/pages\/480","targetHints":{"allow":["GET"]}}],"collection":[{"href":"https:\/\/astrale.ch\/index.php\/wp-json\/wp\/v2\/pages"}],"about":[{"href":"https:\/\/astrale.ch\/index.php\/wp-json\/wp\/v2\/types\/page"}],"author":[{"embeddable":true,"href":"https:\/\/astrale.ch\/index.php\/wp-json\/wp\/v2\/users\/1"}],"replies":[{"embeddable":true,"href":"https:\/\/astrale.ch\/index.php\/wp-json\/wp\/v2\/comments?post=480"}],"version-history":[{"count":14,"href":"https:\/\/astrale.ch\/index.php\/wp-json\/wp\/v2\/pages\/480\/revisions"}],"predecessor-version":[{"id":838,"href":"https:\/\/astrale.ch\/index.php\/wp-json\/wp\/v2\/pages\/480\/revisions\/838"}],"wp:attachment":[{"href":"https:\/\/astrale.ch\/index.php\/wp-json\/wp\/v2\/media?parent=480"}],"curies":[{"name":"wp","href":"https:\/\/api.w.org\/{rel}","templated":true}]}}